{"id":4040,"date":"2025-08-19T21:55:48","date_gmt":"2025-08-19T21:55:48","guid":{"rendered":"https:\/\/heba-sport-tec.ch\/produkt\/base-glue-solo\/"},"modified":"2025-11-19T12:56:11","modified_gmt":"2025-11-19T12:56:11","slug":"base-glue-solo","status":"publish","type":"product","link":"https:\/\/heba-sport-tec.ch\/en\/product\/base-glue-solo\/","title":{"rendered":"Eiselin Reaktive Belagsfl\u00fcssigkeit"},"content":{"rendered":"<h1 data-start=\"319\" data-end=\"385\"><strong data-start=\"321\" data-end=\"383\">Eiselin Reaktive Belagsfl\u00fcssigkeit \u2013 Ersatzflasche (10 ml)<\/strong><\/h1>\n<h3 data-start=\"387\" data-end=\"467\"><strong data-start=\"391\" data-end=\"467\">Der Originalkleber f\u00fcr professionelle Ski- &amp; Snowboard-Belagsreparaturen<\/strong><\/h3>\n<p data-start=\"469\" data-end=\"708\">Die <strong data-start=\"473\" data-end=\"511\">Eiselin Reaktive Belagsfl\u00fcssigkeit<\/strong> ist der originale Spezialkleber aus dem Eiselin Ski Base Repair Set \u2013 jetzt auch einzeln erh\u00e4ltlich. Perfekt als <strong data-start=\"625\" data-end=\"635\">Ersatz<\/strong>, wenn der Kleber zur Neige geht, oder als Erg\u00e4nzung f\u00fcr Vielreparatoren.<\/p>\n<p data-start=\"710\" data-end=\"923\">Dieser hochwirksame <strong data-start=\"730\" data-end=\"746\">Belagskleber<\/strong> sorgt f\u00fcr eine starke, dauerhafte Verbindung zwischen Belagspulver und Ski-\/Snowboardbelag. Ideal f\u00fcr alle, die <strong data-start=\"859\" data-end=\"914\">tiefe Kratzer, Rillen oder Belagssch\u00e4den reparieren<\/strong> m\u00f6chten.<\/p>\n<hr data-start=\"925\" data-end=\"928\" \/>\n<h2 data-start=\"930\" data-end=\"978\"><strong data-start=\"933\" data-end=\"978\">Maximale Haftung \u2013 dauerhafte Reparaturen<\/strong><\/h2>\n<p data-start=\"979\" data-end=\"1186\">Die einzigartige Formulierung erzeugt eine <strong data-start=\"1022\" data-end=\"1070\">chemische Reaktion direkt in der Flickstelle<\/strong>, wodurch eine extrem feste und belastbare Verbindung entsteht.<br data-start=\"1133\" data-end=\"1136\" \/>Vorteile der originalen Eiselin Belagsfl\u00fcssigkeit:<\/p>\n<ul data-start=\"1188\" data-end=\"1408\">\n<li data-start=\"1188\" data-end=\"1233\">\n<p data-start=\"1190\" data-end=\"1233\">Bombenfeste Haftung \u2013 kein Herausbr\u00f6ckeln<\/p>\n<\/li>\n<li data-start=\"1234\" data-end=\"1254\">\n<p data-start=\"1236\" data-end=\"1254\">Keine Senkdellen<\/p>\n<\/li>\n<li data-start=\"1255\" data-end=\"1283\">\n<p data-start=\"1257\" data-end=\"1283\">Sehr schnelle Aush\u00e4rtung<\/p>\n<\/li>\n<li data-start=\"1284\" data-end=\"1338\">\n<p data-start=\"1286\" data-end=\"1338\">Perfekte Verbindung zu Materialkern &amp; Metallkanten<\/p>\n<\/li>\n<li data-start=\"1339\" data-end=\"1408\">\n<p data-start=\"1341\" data-end=\"1408\">Optimale Gleiteigenschaften bei Verwendung mit Eiselin Belagspulver<\/p>\n<\/li>\n<\/ul>\n<hr data-start=\"1410\" data-end=\"1413\" \/>\n<h2 data-start=\"1415\" data-end=\"1475\"><strong data-start=\"1418\" data-end=\"1475\">Einfach anzuwenden \u2013 ideal f\u00fcr unterwegs oder zuhause<\/strong><\/h2>\n<p data-start=\"1476\" data-end=\"1682\">Die Belagsfl\u00fcssigkeit wird einfach \u00fcber das angedr\u00fcckte Belagspulver getr\u00e4ufelt und sofort abgezogen.<br data-start=\"1577\" data-end=\"1580\" \/>In Kombination mit dem Pulver ist der Ski oder das Snowboard <strong data-start=\"1641\" data-end=\"1681\">in nur 60 Sekunden wieder fahrbereit<\/strong>.<\/p>\n<hr data-start=\"1684\" data-end=\"1687\" \/>\n<h2 data-start=\"1689\" data-end=\"1738\"><strong data-start=\"1692\" data-end=\"1736\">Grosse 10-ml-Flasche \u2013 hohe Ergiebigkeit<\/strong><\/h2>\n<ul data-start=\"1739\" data-end=\"1946\">\n<li data-start=\"1739\" data-end=\"1783\">\n<p data-start=\"1741\" data-end=\"1783\">Reicht f\u00fcr viele zus\u00e4tzliche Reparaturen<\/p>\n<\/li>\n<li data-start=\"1784\" data-end=\"1835\">\n<p data-start=\"1786\" data-end=\"1835\">Perfekt abgestimmt auf das Eiselin Belagspulver<\/p>\n<\/li>\n<li data-start=\"1836\" data-end=\"1886\">\n<p data-start=\"1838\" data-end=\"1886\">Trocknet kaum aus \u2013 ideal f\u00fcr die ganze Saison<\/p>\n<\/li>\n<li data-start=\"1887\" data-end=\"1946\">\n<p data-start=\"1889\" data-end=\"1946\">Bestes Preis-Leistungs-Verh\u00e4ltnis im Bereich Belagskleber<\/p>\n<\/li>\n<\/ul>\n<hr data-start=\"1948\" data-end=\"1951\" \/>\n<h2 data-start=\"1953\" data-end=\"1986\"><strong data-start=\"1956\" data-end=\"1986\">Schweizer Qualit\u00e4tsprodukt<\/strong><\/h2>\n<p data-start=\"1987\" data-end=\"2170\">Die reaktive Belagsfl\u00fcssigkeit wird nach strengen Qualit\u00e4tsstandards hergestellt und ist optimal auf das original Ski-Belagspulver abgestimmt \u2013 f\u00fcr gleichbleibend perfekte Ergebnisse.<\/p>\n<hr data-start=\"2172\" data-end=\"2175\" \/>\n<h2 data-start=\"2177\" data-end=\"2194\"><strong data-start=\"2180\" data-end=\"2194\">Ideal f\u00fcr:<\/strong><\/h2>\n<ul data-start=\"2195\" data-end=\"2378\">\n<li data-start=\"2195\" data-end=\"2239\">\n<p data-start=\"2197\" data-end=\"2239\"><strong data-start=\"2197\" data-end=\"2237\">Ersatzkleber f\u00fcr Eiselin Base Repair<\/strong><\/p>\n<\/li>\n<li data-start=\"2240\" data-end=\"2268\">\n<p data-start=\"2242\" data-end=\"2268\"><strong data-start=\"2242\" data-end=\"2266\">Ski Belag reparieren<\/strong><\/p>\n<\/li>\n<li data-start=\"2269\" data-end=\"2303\">\n<p data-start=\"2271\" data-end=\"2303\"><strong data-start=\"2271\" data-end=\"2301\">Snowboard Belag reparieren<\/strong><\/p>\n<\/li>\n<li data-start=\"2304\" data-end=\"2335\">\n<p data-start=\"2306\" data-end=\"2335\"><strong data-start=\"2306\" data-end=\"2333\">Belagsreparatur zuhause<\/strong><\/p>\n<\/li>\n<li data-start=\"2336\" data-end=\"2378\">\n<p data-start=\"2338\" data-end=\"2378\"><strong data-start=\"2338\" data-end=\"2376\">Werkst\u00e4tten &amp; ambitionierte Fahrer<\/strong><\/p>\n<\/li>\n<\/ul>","protected":false},"excerpt":{"rendered":"<p>Eiselin Reaktive Belagsfl\u00fcssigkeit \u2013 Ersatzflasche (10 ml) Der Originalkleber f\u00fcr professionelle Ski- &amp; Snowboard-Belagsreparaturen Die Eiselin Reaktive Belagsfl\u00fcssigkeit ist der originale Spezialkleber aus dem Eiselin Ski Base Repair Set \u2013 jetzt auch einzeln erh\u00e4ltlich. Perfekt als Ersatz, wenn der Kleber zur Neige geht, oder als Erg\u00e4nzung f\u00fcr Vielreparatoren. Dieser hochwirksame Belagskleber sorgt f\u00fcr eine starke, [&hellip;]<\/p>","protected":false},"featured_media":4370,"template":"","meta":[],"product_brand":[409],"product_cat":[376,460],"product_tag":[],"class_list":{"0":"post-4040","1":"product","2":"type-product","3":"status-publish","4":"has-post-thumbnail","6":"product_brand-eiselin","7":"product_cat-belagreparatur-belag-waxandtools","8":"product_cat-eiselin","10":"first","11":"instock","12":"taxable","13":"shipping-taxable","14":"purchasable","15":"product-type-simple"},"acf":[],"_links":{"self":[{"href":"https:\/\/heba-sport-tec.ch\/en\/wp-json\/wp\/v2\/product\/4040","targetHints":{"allow":["GET"]}}],"collection":[{"href":"https:\/\/heba-sport-tec.ch\/en\/wp-json\/wp\/v2\/product"}],"about":[{"href":"https:\/\/heba-sport-tec.ch\/en\/wp-json\/wp\/v2\/types\/product"}],"wp:featuredmedia":[{"embeddable":true,"href":"https:\/\/heba-sport-tec.ch\/en\/wp-json\/wp\/v2\/media\/4370"}],"wp:attachment":[{"href":"https:\/\/heba-sport-tec.ch\/en\/wp-json\/wp\/v2\/media?parent=4040"}],"wp:term":[{"taxonomy":"product_brand","embeddable":true,"href":"https:\/\/heba-sport-tec.ch\/en\/wp-json\/wp\/v2\/product_brand?post=4040"},{"taxonomy":"product_cat","embeddable":true,"href":"https:\/\/heba-sport-tec.ch\/en\/wp-json\/wp\/v2\/product_cat?post=4040"},{"taxonomy":"product_tag","embeddable":true,"href":"https:\/\/heba-sport-tec.ch\/en\/wp-json\/wp\/v2\/product_tag?post=4040"}],"curies":[{"name":"wp","href":"https:\/\/api.w.org\/{rel}","templated":true}]}}