{"id":3692,"date":"2025-08-19T11:53:12","date_gmt":"2025-08-19T11:53:12","guid":{"rendered":"https:\/\/heba-sport-tec.ch\/?post_type=product&#038;p=3692"},"modified":"2025-11-19T12:56:07","modified_gmt":"2025-11-19T12:56:07","slug":"profi-skifeile-flash-verchromt-2","status":"publish","type":"product","link":"https:\/\/heba-sport-tec.ch\/en\/product\/profi-skifeile-flash-verchromt-2\/","title":{"rendered":"Supercross Skifeile Unverchromt-Multifeile"},"content":{"rendered":"<p><\/p>\n\n\n\n<p><\/p>","protected":false},"excerpt":{"rendered":"<p><span dir=\"auto\">Ihre Pr\u00e4zision und Leistung machen icecut\u00a0<\/span><sup><span dir=\"auto\">\u00ae<\/span><\/sup><span dir=\"auto\">\u00a0Skifeilen zum Ma\u00dfstab in der Weltspitze. Die aggressive Schleifleistung der Supercross-Reihe wird zum Gl\u00e4tten des Belags, zum Feilen \u00fcbersch\u00fcssigen Materials und zum Entgraten stark besch\u00e4digter Kanten genutzt.<\/span><\/p>\n<p><span dir=\"auto\">* Swiss Made<\/span><br \/><span dir=\"auto\">* Chromfrei<\/span><br \/><span dir=\"auto\">* Gefr\u00e4ster Schliff<\/span><br \/><span dir=\"auto\">* Multifeile<\/span><\/p>","protected":false},"featured_media":3696,"template":"","meta":[],"product_brand":[382],"product_cat":[284,293,296,467],"product_tag":[],"class_list":{"0":"post-3692","1":"product","2":"type-product","3":"status-publish","4":"has-post-thumbnail","6":"product_brand-icecut","7":"product_cat-waxandtools","8":"product_cat-kanten-waxandtools","9":"product_cat-feilen-kanten-waxandtools","10":"product_cat-icecut","12":"first","13":"instock","14":"sale","15":"taxable","16":"shipping-taxable","17":"purchasable","18":"product-type-simple"},"acf":[],"_links":{"self":[{"href":"https:\/\/heba-sport-tec.ch\/en\/wp-json\/wp\/v2\/product\/3692","targetHints":{"allow":["GET"]}}],"collection":[{"href":"https:\/\/heba-sport-tec.ch\/en\/wp-json\/wp\/v2\/product"}],"about":[{"href":"https:\/\/heba-sport-tec.ch\/en\/wp-json\/wp\/v2\/types\/product"}],"wp:featuredmedia":[{"embeddable":true,"href":"https:\/\/heba-sport-tec.ch\/en\/wp-json\/wp\/v2\/media\/3696"}],"wp:attachment":[{"href":"https:\/\/heba-sport-tec.ch\/en\/wp-json\/wp\/v2\/media?parent=3692"}],"wp:term":[{"taxonomy":"product_brand","embeddable":true,"href":"https:\/\/heba-sport-tec.ch\/en\/wp-json\/wp\/v2\/product_brand?post=3692"},{"taxonomy":"product_cat","embeddable":true,"href":"https:\/\/heba-sport-tec.ch\/en\/wp-json\/wp\/v2\/product_cat?post=3692"},{"taxonomy":"product_tag","embeddable":true,"href":"https:\/\/heba-sport-tec.ch\/en\/wp-json\/wp\/v2\/product_tag?post=3692"}],"curies":[{"name":"wp","href":"https:\/\/api.w.org\/{rel}","templated":true}]}}