{"id":3690,"date":"2025-08-19T11:51:58","date_gmt":"2025-08-19T11:51:58","guid":{"rendered":"https:\/\/heba-sport-tec.ch\/?post_type=product&#038;p=3690"},"modified":"2025-11-19T12:56:07","modified_gmt":"2025-11-19T12:56:07","slug":"profi-skifeile-unverchromt","status":"publish","type":"product","link":"https:\/\/heba-sport-tec.ch\/en\/product\/profi-skifeile-unverchromt\/","title":{"rendered":"Profi-Skifeile Unverchromt"},"content":{"rendered":"<figure class=\"wp-block-image size-full\"><img fetchpriority=\"high\" decoding=\"async\" width=\"500\" height=\"700\" src=\"https:\/\/heba-sport-tec.ch\/wp-content\/uploads\/2025\/08\/lq817-8-13.png\" alt=\"\" class=\"wp-image-3691\" srcset=\"https:\/\/heba-sport-tec.ch\/wp-content\/uploads\/2025\/08\/lq817-8-13.png 500w, https:\/\/heba-sport-tec.ch\/wp-content\/uploads\/2025\/08\/lq817-8-13-214x300.png 214w, https:\/\/heba-sport-tec.ch\/wp-content\/uploads\/2025\/08\/lq817-8-13-9x12.png 9w, https:\/\/heba-sport-tec.ch\/wp-content\/uploads\/2025\/08\/lq817-8-13-441x617.png 441w, https:\/\/heba-sport-tec.ch\/wp-content\/uploads\/2025\/08\/lq817-8-13-150x210.png 150w\" sizes=\"(max-width: 500px) 100vw, 500px\" \/><\/figure>","protected":false},"excerpt":{"rendered":"<p><span dir=\"auto\">Ihre Pr\u00e4zision und Leistung machen icecut\u00a0<\/span><sup><span dir=\"auto\">\u00ae<\/span><\/sup><span dir=\"auto\">\u00a0Skifeilen zu einem Ma\u00dfstab in der Weltspitze. Ihre gleichm\u00e4\u00dfige, gleichm\u00e4\u00dfige Schleiff\u00e4higkeit sch\u00e4rft Ihre Kanten pr\u00e4zise.<\/span> <span dir=\"auto\">* Hieb: 13 (Bastard)\u00a0<\/span> <span dir=\"auto\">* Swiss Made<\/span> <span dir=\"auto\">* Chromfrei<\/span><\/p>","protected":false},"featured_media":3691,"template":"","meta":[],"product_brand":[382],"product_cat":[284,293,296,467],"product_tag":[],"class_list":{"0":"post-3690","1":"product","2":"type-product","3":"status-publish","4":"has-post-thumbnail","6":"product_brand-icecut","7":"product_cat-waxandtools","8":"product_cat-kanten-waxandtools","9":"product_cat-feilen-kanten-waxandtools","10":"product_cat-icecut","12":"first","13":"instock","14":"sale","15":"taxable","16":"shipping-taxable","17":"purchasable","18":"product-type-simple"},"acf":[],"_links":{"self":[{"href":"https:\/\/heba-sport-tec.ch\/en\/wp-json\/wp\/v2\/product\/3690","targetHints":{"allow":["GET"]}}],"collection":[{"href":"https:\/\/heba-sport-tec.ch\/en\/wp-json\/wp\/v2\/product"}],"about":[{"href":"https:\/\/heba-sport-tec.ch\/en\/wp-json\/wp\/v2\/types\/product"}],"wp:featuredmedia":[{"embeddable":true,"href":"https:\/\/heba-sport-tec.ch\/en\/wp-json\/wp\/v2\/media\/3691"}],"wp:attachment":[{"href":"https:\/\/heba-sport-tec.ch\/en\/wp-json\/wp\/v2\/media?parent=3690"}],"wp:term":[{"taxonomy":"product_brand","embeddable":true,"href":"https:\/\/heba-sport-tec.ch\/en\/wp-json\/wp\/v2\/product_brand?post=3690"},{"taxonomy":"product_cat","embeddable":true,"href":"https:\/\/heba-sport-tec.ch\/en\/wp-json\/wp\/v2\/product_cat?post=3690"},{"taxonomy":"product_tag","embeddable":true,"href":"https:\/\/heba-sport-tec.ch\/en\/wp-json\/wp\/v2\/product_tag?post=3690"}],"curies":[{"name":"wp","href":"https:\/\/api.w.org\/{rel}","templated":true}]}}