{"id":3248,"date":"2025-08-18T17:52:49","date_gmt":"2025-08-18T17:52:49","guid":{"rendered":"https:\/\/heba-sport-tec.ch\/produkt\/snoli-world-cup-profi-2\/"},"modified":"2025-12-17T21:55:44","modified_gmt":"2025-12-17T21:55:44","slug":"snoli-world-cup-profi-2","status":"publish","type":"product","link":"https:\/\/heba-sport-tec.ch\/en\/product\/snoli-world-cup-profi-2\/","title":{"rendered":"SNOLI World Cup Profi Feilenhalter"},"content":{"rendered":"","protected":false},"excerpt":{"rendered":"<p>SNOLI World Cup Profi Der neue pr\u00e4zise gefr\u00e4ste Feilenhalter aus 6 mm Stahl mit Spezialbeschichtung, in Tirol gefertigt, um den hohen Anspr\u00fcchen der Servicetechniker gerecht zu werden.<\/p>\n<p>mit Langloch zur Nutzung der gesamten Feilenbreite<br \/>\npr\u00e4zises Feilen einer sauberen, messerscharfen Seitenkante<br \/>\ndurch das h\u00f6here Gewicht wird die Handhabung noch genauer<br \/>\ndurch die Vertiefung von 0,1 mm im Feilenhalter ist ein noch einfacheres ziehen der Feile gew\u00e4hrleistet&#8221; Kantenwinkel f\u00fcr die Feilenf\u00fchrung kantenseitig aus Edelstahl gefr\u00e4st und beschichtet, mit neuer Feilen Klemmeinheit mit gr\u00f6\u00dferer Schraube verschiebbar f\u00fcr einen gr\u00f6\u00dferen Nutzbereich der Feile. Dieser Feilenf\u00fchrung erm\u00f6glicht das pr\u00e4zise Feilen einer sauberen und messerscharfen Seitenkante und wird von den Profis im alpinen Ski Weltcup verwendet.<\/p>","protected":false},"featured_media":3304,"template":"","meta":[],"product_brand":[226],"product_cat":[353,475],"product_tag":[],"class_list":{"0":"post-3248","1":"product","2":"type-product","3":"status-publish","4":"has-post-thumbnail","6":"product_brand-snoli","7":"product_cat-feilenhalter-kanten-waxandtools","8":"product_cat-snoli","10":"first","11":"instock","12":"taxable","13":"shipping-taxable","14":"purchasable","15":"product-type-variable"},"acf":[],"_links":{"self":[{"href":"https:\/\/heba-sport-tec.ch\/en\/wp-json\/wp\/v2\/product\/3248","targetHints":{"allow":["GET"]}}],"collection":[{"href":"https:\/\/heba-sport-tec.ch\/en\/wp-json\/wp\/v2\/product"}],"about":[{"href":"https:\/\/heba-sport-tec.ch\/en\/wp-json\/wp\/v2\/types\/product"}],"wp:featuredmedia":[{"embeddable":true,"href":"https:\/\/heba-sport-tec.ch\/en\/wp-json\/wp\/v2\/media\/3304"}],"wp:attachment":[{"href":"https:\/\/heba-sport-tec.ch\/en\/wp-json\/wp\/v2\/media?parent=3248"}],"wp:term":[{"taxonomy":"product_brand","embeddable":true,"href":"https:\/\/heba-sport-tec.ch\/en\/wp-json\/wp\/v2\/product_brand?post=3248"},{"taxonomy":"product_cat","embeddable":true,"href":"https:\/\/heba-sport-tec.ch\/en\/wp-json\/wp\/v2\/product_cat?post=3248"},{"taxonomy":"product_tag","embeddable":true,"href":"https:\/\/heba-sport-tec.ch\/en\/wp-json\/wp\/v2\/product_tag?post=3248"}],"curies":[{"name":"wp","href":"https:\/\/api.w.org\/{rel}","templated":true}]}}