{"id":3178,"date":"2025-08-18T17:52:42","date_gmt":"2025-08-18T17:52:42","guid":{"rendered":"https:\/\/heba-sport-tec.ch\/produkt\/snowboardschraubelinsenkopfm6-gewinde10mm50stk\/"},"modified":"2025-12-18T16:16:12","modified_gmt":"2025-12-18T16:16:12","slug":"snowboardschraubelinsenkopfm6-gewinde10mm50stk","status":"publish","type":"product","link":"https:\/\/heba-sport-tec.ch\/en\/product\/snowboardschraubelinsenkopfm6-gewinde10mm50stk\/","title":{"rendered":"Snowboardschraube M6 Linsenkopf \u2013 50 St\u00fcck | Verschiedene L\u00e4ngen"},"content":{"rendered":"<p>Die Snowboardschrauben mit M6-Gewinde und Linsenkopf wurden speziell f\u00fcr die sichere Montage von Snowboardbindungen entwickelt. Der Linsenkopf sorgt f\u00fcr eine gleichm\u00e4ssige Druckverteilung und einen sicheren Sitz der Bindung auf dem Board, ohne das Material zu besch\u00e4digen.<\/p>\n<p>Dank der verschiedenen L\u00e4ngen von 10 mm bis 25 mm k\u00f6nnen die Schrauben optimal an unterschiedliche Bindungssysteme, Disc-Typen und Boardkonstruktionen angepasst werden. Die pr\u00e4zise Gewindeform gew\u00e4hrleistet eine zuverl\u00e4ssige Verschraubung und verhindert ein unbeabsichtigtes L\u00f6sen w\u00e4hrend der Fahrt.<\/p>\n<p>Geliefert im 50-St\u00fcck-Gebinde sind diese Snowboardschrauben ideal f\u00fcr den t\u00e4glichen Einsatz im professionellen Snowboard-Service.<\/p>\n<p>Ideal f\u00fcr:<\/p>\n<p>Snowboard-Service &#038; Werkst\u00e4tten<\/p>\n<p>Sportfachhandel<\/p>\n<p>Verleihstationen<\/p>\n<p>Renn- und Freestyle-Service<\/p>","protected":false},"excerpt":{"rendered":"<p>Die Snowboardschrauben M6 mit Linsenkopf sind hochwertige Montageschrauben f\u00fcr Snowboardbindungen. Erh\u00e4ltlich in den L\u00e4ngen 10 mm bis 25 mm, geliefert im 50-St\u00fcck-Pack, ideal f\u00fcr Werkstatt, Verleih und professionellen Snowboard-Service.<\/p>","protected":false},"featured_media":3339,"template":"","meta":[],"product_brand":[226],"product_cat":[373,475],"product_tag":[],"class_list":{"0":"post-3178","1":"product","2":"type-product","3":"status-publish","4":"has-post-thumbnail","6":"product_brand-snoli","7":"product_cat-schrauben","8":"product_cat-snoli","10":"first","11":"instock","12":"taxable","13":"shipping-taxable","14":"purchasable","15":"product-type-variable"},"acf":[],"_links":{"self":[{"href":"https:\/\/heba-sport-tec.ch\/en\/wp-json\/wp\/v2\/product\/3178","targetHints":{"allow":["GET"]}}],"collection":[{"href":"https:\/\/heba-sport-tec.ch\/en\/wp-json\/wp\/v2\/product"}],"about":[{"href":"https:\/\/heba-sport-tec.ch\/en\/wp-json\/wp\/v2\/types\/product"}],"wp:featuredmedia":[{"embeddable":true,"href":"https:\/\/heba-sport-tec.ch\/en\/wp-json\/wp\/v2\/media\/3339"}],"wp:attachment":[{"href":"https:\/\/heba-sport-tec.ch\/en\/wp-json\/wp\/v2\/media?parent=3178"}],"wp:term":[{"taxonomy":"product_brand","embeddable":true,"href":"https:\/\/heba-sport-tec.ch\/en\/wp-json\/wp\/v2\/product_brand?post=3178"},{"taxonomy":"product_cat","embeddable":true,"href":"https:\/\/heba-sport-tec.ch\/en\/wp-json\/wp\/v2\/product_cat?post=3178"},{"taxonomy":"product_tag","embeddable":true,"href":"https:\/\/heba-sport-tec.ch\/en\/wp-json\/wp\/v2\/product_tag?post=3178"}],"curies":[{"name":"wp","href":"https:\/\/api.w.org\/{rel}","templated":true}]}}