{"id":2596,"date":"2025-06-05T01:24:00","date_gmt":"2025-06-05T01:24:00","guid":{"rendered":"https:\/\/heba-sport-tec.ch\/produkt\/fein-absu-12v-2-gang-akku-bohrschrauber-mit-2-li-ionen-akkus-12v-3ah-und-schnellladegeraet\/"},"modified":"2025-11-19T12:56:02","modified_gmt":"2025-11-19T12:56:02","slug":"fein-absu-12v-2-gang-akku-bohrschrauber-mit-2-li-ionen-akkus-12v-3ah-und-schnellladegeraet","status":"publish","type":"product","link":"https:\/\/heba-sport-tec.ch\/en\/product\/fein-absu-12v-2-gang-akku-bohrschrauber-mit-2-li-ionen-akkus-12v-3ah-und-schnellladegeraet\/","title":{"rendered":"FEIN ABSU 12V 2-Gang Akku Bohrschrauber mit 2 Li-Ionen Akkus 12V 3Ah und Schnellladeger\u00e4t"},"content":{"rendered":"","protected":false},"excerpt":{"rendered":"<p>FEIN ABSU 12 Select<br \/>\n2-Gang Akku-Bohrschrauber mit Vollmetall-Bohrfutter bis 10mm \u00d8<br \/>\nmit 2 Li-Ionen Akkus 12V 3AH, Schnellladeger\u00e4t ALG 50 im Kunststoff-Werkzeugkoffer<\/p>\n<p>Details:<\/p>\n<p>Starker und langlebiger DC-Motor mit Schutz vor \u00dcberhitzung und \u00dcberlastung<br \/>\n2-Gang Vollmetall-Getriebe f\u00fcr universelle Bohr- und Schraubarbeiten 400 und 1300 1\/min<br \/>\nRobustes Vollmetall Bohrfutter mit Spannkraftsicherung<br \/>\nMechanische Drehmomenteinstellung<br \/>\nSicher auf Akku abstellbar<br \/>\nSchmales Griffma\u00df<br \/>\nKompakte Bauweise<br \/>\nAkku-Ladestand direkt am Akku ablesbar<br \/>\nFEIN SaftyCell Technology. Sch\u00fctzt den Akku und die Maschine vor \u00dcberlastung, \u00dcberhitzung und Tiefentladung.<br \/>\nG\u00fcrtel-Clip<br \/>\nGewicht ohne Akku: 1 kg<\/p>","protected":false},"featured_media":958,"template":"","meta":[],"product_brand":[226],"product_cat":[381,475],"product_tag":[],"class_list":{"0":"post-2596","1":"product","2":"type-product","3":"status-publish","4":"has-post-thumbnail","6":"product_brand-snoli","7":"product_cat-akkubohrer-werkstatt-waxandtools","8":"product_cat-snoli","10":"first","11":"instock","12":"taxable","13":"shipping-taxable","14":"purchasable","15":"product-type-simple"},"acf":[],"_links":{"self":[{"href":"https:\/\/heba-sport-tec.ch\/en\/wp-json\/wp\/v2\/product\/2596","targetHints":{"allow":["GET"]}}],"collection":[{"href":"https:\/\/heba-sport-tec.ch\/en\/wp-json\/wp\/v2\/product"}],"about":[{"href":"https:\/\/heba-sport-tec.ch\/en\/wp-json\/wp\/v2\/types\/product"}],"wp:featuredmedia":[{"embeddable":true,"href":"https:\/\/heba-sport-tec.ch\/en\/wp-json\/wp\/v2\/media\/958"}],"wp:attachment":[{"href":"https:\/\/heba-sport-tec.ch\/en\/wp-json\/wp\/v2\/media?parent=2596"}],"wp:term":[{"taxonomy":"product_brand","embeddable":true,"href":"https:\/\/heba-sport-tec.ch\/en\/wp-json\/wp\/v2\/product_brand?post=2596"},{"taxonomy":"product_cat","embeddable":true,"href":"https:\/\/heba-sport-tec.ch\/en\/wp-json\/wp\/v2\/product_cat?post=2596"},{"taxonomy":"product_tag","embeddable":true,"href":"https:\/\/heba-sport-tec.ch\/en\/wp-json\/wp\/v2\/product_tag?post=2596"}],"curies":[{"name":"wp","href":"https:\/\/api.w.org\/{rel}","templated":true}]}}