{"id":2592,"date":"2025-06-05T01:23:59","date_gmt":"2025-06-05T01:23:59","guid":{"rendered":"https:\/\/heba-sport-tec.ch\/produkt\/snoli-bronze-rotorbuerste-mit-wechselsystem\/"},"modified":"2025-11-19T12:56:02","modified_gmt":"2025-11-19T12:56:02","slug":"snoli-bronze-rotorbuerste-mit-wechselsystem","status":"publish","type":"product","link":"https:\/\/heba-sport-tec.ch\/en\/product\/snoli-bronze-rotorbuerste-mit-wechselsystem\/","title":{"rendered":"SNOLI Bronze Rotorb\u00fcrste mit Wechselsystem"},"content":{"rendered":"","protected":false},"excerpt":{"rendered":"<p>SNOLI Bronze Rotorb\u00fcrste mit Wechselsystem<\/p>\n<p>Optimale Bronzeb\u00fcrste zum Reinigen des Skibelags  vor- und w\u00e4hrend dem Wachsen mit Hei\u00dfwachsen.<br \/>\nSpeziell geeignet bei neuen und frisch geschliffenen Ski.<br \/>\nTIP! Mit niedriger Drehzahl b\u00fcrsten und nur mit Arbeitsschutz verwenden<br \/>\nBreite 110 mm<\/p>","protected":false},"featured_media":795,"template":"","meta":[],"product_brand":[226],"product_cat":[369,475],"product_tag":[],"class_list":{"0":"post-2592","1":"product","2":"type-product","3":"status-publish","4":"has-post-thumbnail","6":"product_brand-snoli","7":"product_cat-buersten-belag-waxandtools","8":"product_cat-snoli","10":"first","11":"instock","12":"taxable","13":"shipping-taxable","14":"purchasable","15":"product-type-simple"},"acf":[],"_links":{"self":[{"href":"https:\/\/heba-sport-tec.ch\/en\/wp-json\/wp\/v2\/product\/2592","targetHints":{"allow":["GET"]}}],"collection":[{"href":"https:\/\/heba-sport-tec.ch\/en\/wp-json\/wp\/v2\/product"}],"about":[{"href":"https:\/\/heba-sport-tec.ch\/en\/wp-json\/wp\/v2\/types\/product"}],"wp:featuredmedia":[{"embeddable":true,"href":"https:\/\/heba-sport-tec.ch\/en\/wp-json\/wp\/v2\/media\/795"}],"wp:attachment":[{"href":"https:\/\/heba-sport-tec.ch\/en\/wp-json\/wp\/v2\/media?parent=2592"}],"wp:term":[{"taxonomy":"product_brand","embeddable":true,"href":"https:\/\/heba-sport-tec.ch\/en\/wp-json\/wp\/v2\/product_brand?post=2592"},{"taxonomy":"product_cat","embeddable":true,"href":"https:\/\/heba-sport-tec.ch\/en\/wp-json\/wp\/v2\/product_cat?post=2592"},{"taxonomy":"product_tag","embeddable":true,"href":"https:\/\/heba-sport-tec.ch\/en\/wp-json\/wp\/v2\/product_tag?post=2592"}],"curies":[{"name":"wp","href":"https:\/\/api.w.org\/{rel}","templated":true}]}}