{"id":2529,"date":"2025-06-05T01:23:54","date_gmt":"2025-06-05T01:23:54","guid":{"rendered":"https:\/\/heba-sport-tec.ch\/produkt\/snoli-haarlineal-alpin-120x27x4mm\/"},"modified":"2025-11-19T12:56:00","modified_gmt":"2025-11-19T12:56:00","slug":"snoli-haarlineal-alpin-120x27x4mm","status":"publish","type":"product","link":"https:\/\/heba-sport-tec.ch\/en\/product\/snoli-haarlineal-alpin-120x27x4mm\/","title":{"rendered":"SNOLI Haarlineal Alpin 120x27x4mm"},"content":{"rendered":"","protected":false},"excerpt":{"rendered":"<p>Haarlineal mit hoher Ma\u00dfgenauigkeit, erm\u00f6glicht die schnelle Pr\u00fcfung der Planheit des Belages.<\/p>","protected":false},"featured_media":694,"template":"","meta":[],"product_brand":[226],"product_cat":[302,475],"product_tag":[],"class_list":{"0":"post-2529","1":"product","2":"type-product","3":"status-publish","4":"has-post-thumbnail","6":"product_brand-snoli","7":"product_cat-abziehklinge-wax-waxandtools","8":"product_cat-snoli","10":"first","11":"instock","12":"taxable","13":"shipping-taxable","14":"purchasable","15":"product-type-simple"},"acf":[],"_links":{"self":[{"href":"https:\/\/heba-sport-tec.ch\/en\/wp-json\/wp\/v2\/product\/2529","targetHints":{"allow":["GET"]}}],"collection":[{"href":"https:\/\/heba-sport-tec.ch\/en\/wp-json\/wp\/v2\/product"}],"about":[{"href":"https:\/\/heba-sport-tec.ch\/en\/wp-json\/wp\/v2\/types\/product"}],"wp:featuredmedia":[{"embeddable":true,"href":"https:\/\/heba-sport-tec.ch\/en\/wp-json\/wp\/v2\/media\/694"}],"wp:attachment":[{"href":"https:\/\/heba-sport-tec.ch\/en\/wp-json\/wp\/v2\/media?parent=2529"}],"wp:term":[{"taxonomy":"product_brand","embeddable":true,"href":"https:\/\/heba-sport-tec.ch\/en\/wp-json\/wp\/v2\/product_brand?post=2529"},{"taxonomy":"product_cat","embeddable":true,"href":"https:\/\/heba-sport-tec.ch\/en\/wp-json\/wp\/v2\/product_cat?post=2529"},{"taxonomy":"product_tag","embeddable":true,"href":"https:\/\/heba-sport-tec.ch\/en\/wp-json\/wp\/v2\/product_tag?post=2529"}],"curies":[{"name":"wp","href":"https:\/\/api.w.org\/{rel}","templated":true}]}}