{"id":2523,"date":"2025-06-05T01:23:54","date_gmt":"2025-06-05T01:23:54","guid":{"rendered":"https:\/\/heba-sport-tec.ch\/produkt\/snoli-anschlagbohrer-8-mm-o-mit-45-mm-huelse\/"},"modified":"2025-11-19T12:56:00","modified_gmt":"2025-11-19T12:56:00","slug":"snoli-anschlagbohrer-8-mm-o-mit-45-mm-huelse","status":"publish","type":"product","link":"https:\/\/heba-sport-tec.ch\/en\/product\/snoli-anschlagbohrer-8-mm-o-mit-45-mm-huelse\/","title":{"rendered":"SNOLI Anschlagbohrer, 8 mm \u00d8 mit 45 mm H\u00fclse"},"content":{"rendered":"","protected":false},"excerpt":{"rendered":"<p>Zum Vorbohren f\u00fcr Plastik-D\u00fcbel oder Messingeins\u00e4tze<\/p>","protected":false},"featured_media":862,"template":"","meta":[],"product_brand":[226],"product_cat":[372,475],"product_tag":[],"class_list":{"0":"post-2523","1":"product","2":"type-product","3":"status-publish","4":"has-post-thumbnail","6":"product_brand-snoli","7":"product_cat-duebel","8":"product_cat-snoli","10":"first","11":"instock","12":"taxable","13":"shipping-taxable","14":"purchasable","15":"product-type-simple"},"acf":[],"_links":{"self":[{"href":"https:\/\/heba-sport-tec.ch\/en\/wp-json\/wp\/v2\/product\/2523","targetHints":{"allow":["GET"]}}],"collection":[{"href":"https:\/\/heba-sport-tec.ch\/en\/wp-json\/wp\/v2\/product"}],"about":[{"href":"https:\/\/heba-sport-tec.ch\/en\/wp-json\/wp\/v2\/types\/product"}],"wp:featuredmedia":[{"embeddable":true,"href":"https:\/\/heba-sport-tec.ch\/en\/wp-json\/wp\/v2\/media\/862"}],"wp:attachment":[{"href":"https:\/\/heba-sport-tec.ch\/en\/wp-json\/wp\/v2\/media?parent=2523"}],"wp:term":[{"taxonomy":"product_brand","embeddable":true,"href":"https:\/\/heba-sport-tec.ch\/en\/wp-json\/wp\/v2\/product_brand?post=2523"},{"taxonomy":"product_cat","embeddable":true,"href":"https:\/\/heba-sport-tec.ch\/en\/wp-json\/wp\/v2\/product_cat?post=2523"},{"taxonomy":"product_tag","embeddable":true,"href":"https:\/\/heba-sport-tec.ch\/en\/wp-json\/wp\/v2\/product_tag?post=2523"}],"curies":[{"name":"wp","href":"https:\/\/api.w.org\/{rel}","templated":true}]}}