{"id":2510,"date":"2025-06-05T01:23:53","date_gmt":"2025-06-05T01:23:53","guid":{"rendered":"https:\/\/heba-sport-tec.ch\/produkt\/hartmetallrundmesser-o-12-mm-fuer-503-1000\/"},"modified":"2025-11-19T12:56:00","modified_gmt":"2025-11-19T12:56:00","slug":"hartmetallrundmesser-o-12-mm-fuer-503-1000","status":"publish","type":"product","link":"https:\/\/heba-sport-tec.ch\/en\/product\/hartmetallrundmesser-o-12-mm-fuer-503-1000\/","title":{"rendered":"Hartmetallrundmesser \u00d8 12 mm f\u00fcr 503-1000"},"content":{"rendered":"","protected":false},"excerpt":{"rendered":"<p>Hartmetallrundmesser \u00d8 12 mm f\u00fcr Art. 503-1000 SNOLI World Cup Profi Side Cut<\/p>","protected":false},"featured_media":763,"template":"","meta":[],"product_brand":[226],"product_cat":[352,475],"product_tag":[],"class_list":{"0":"post-2510","1":"product","2":"type-product","3":"status-publish","4":"has-post-thumbnail","6":"product_brand-snoli","7":"product_cat-seitenwangen","8":"product_cat-snoli","10":"first","11":"instock","12":"taxable","13":"shipping-taxable","14":"purchasable","15":"product-type-simple"},"acf":[],"_links":{"self":[{"href":"https:\/\/heba-sport-tec.ch\/en\/wp-json\/wp\/v2\/product\/2510","targetHints":{"allow":["GET"]}}],"collection":[{"href":"https:\/\/heba-sport-tec.ch\/en\/wp-json\/wp\/v2\/product"}],"about":[{"href":"https:\/\/heba-sport-tec.ch\/en\/wp-json\/wp\/v2\/types\/product"}],"wp:featuredmedia":[{"embeddable":true,"href":"https:\/\/heba-sport-tec.ch\/en\/wp-json\/wp\/v2\/media\/763"}],"wp:attachment":[{"href":"https:\/\/heba-sport-tec.ch\/en\/wp-json\/wp\/v2\/media?parent=2510"}],"wp:term":[{"taxonomy":"product_brand","embeddable":true,"href":"https:\/\/heba-sport-tec.ch\/en\/wp-json\/wp\/v2\/product_brand?post=2510"},{"taxonomy":"product_cat","embeddable":true,"href":"https:\/\/heba-sport-tec.ch\/en\/wp-json\/wp\/v2\/product_cat?post=2510"},{"taxonomy":"product_tag","embeddable":true,"href":"https:\/\/heba-sport-tec.ch\/en\/wp-json\/wp\/v2\/product_tag?post=2510"}],"curies":[{"name":"wp","href":"https:\/\/api.w.org\/{rel}","templated":true}]}}