{"id":2505,"date":"2025-06-05T01:23:52","date_gmt":"2025-06-05T01:23:52","guid":{"rendered":"https:\/\/heba-sport-tec.ch\/produkt\/snoli-radial-kantenfeile-300x30x4mm-9-tpi-karosseriefeile\/"},"modified":"2025-11-19T12:56:00","modified_gmt":"2025-11-19T12:56:00","slug":"snoli-radial-kantenfeile-300x30x4mm-9-tpi-karosseriefeile","status":"publish","type":"product","link":"https:\/\/heba-sport-tec.ch\/en\/product\/snoli-radial-kantenfeile-300x30x4mm-9-tpi-karosseriefeile\/","title":{"rendered":"SNOLI Radial Kantenfeile 300x30x4mm, 9 TPI, Karosseriefeile"},"content":{"rendered":"<p>288g<\/p>","protected":false},"excerpt":{"rendered":"<p>Gro\u00dfe grobe Feile zum Vorschleifen von Ski- und Snowboardkanten. Weltcupbew\u00e4hrt. Optimal geeignet f\u00fcr grobe Reparaturen and Stahlkanten und Skibelag.<\/p>","protected":false},"featured_media":727,"template":"","meta":[],"product_brand":[226],"product_cat":[296,475],"product_tag":[],"class_list":{"0":"post-2505","1":"product","2":"type-product","3":"status-publish","4":"has-post-thumbnail","6":"product_brand-snoli","7":"product_cat-feilen-kanten-waxandtools","8":"product_cat-snoli","10":"first","11":"instock","12":"taxable","13":"shipping-taxable","14":"purchasable","15":"product-type-simple"},"acf":[],"_links":{"self":[{"href":"https:\/\/heba-sport-tec.ch\/en\/wp-json\/wp\/v2\/product\/2505","targetHints":{"allow":["GET"]}}],"collection":[{"href":"https:\/\/heba-sport-tec.ch\/en\/wp-json\/wp\/v2\/product"}],"about":[{"href":"https:\/\/heba-sport-tec.ch\/en\/wp-json\/wp\/v2\/types\/product"}],"wp:featuredmedia":[{"embeddable":true,"href":"https:\/\/heba-sport-tec.ch\/en\/wp-json\/wp\/v2\/media\/727"}],"wp:attachment":[{"href":"https:\/\/heba-sport-tec.ch\/en\/wp-json\/wp\/v2\/media?parent=2505"}],"wp:term":[{"taxonomy":"product_brand","embeddable":true,"href":"https:\/\/heba-sport-tec.ch\/en\/wp-json\/wp\/v2\/product_brand?post=2505"},{"taxonomy":"product_cat","embeddable":true,"href":"https:\/\/heba-sport-tec.ch\/en\/wp-json\/wp\/v2\/product_cat?post=2505"},{"taxonomy":"product_tag","embeddable":true,"href":"https:\/\/heba-sport-tec.ch\/en\/wp-json\/wp\/v2\/product_tag?post=2505"}],"curies":[{"name":"wp","href":"https:\/\/api.w.org\/{rel}","templated":true}]}}