{"id":2501,"date":"2025-06-05T01:23:52","date_gmt":"2025-06-05T01:23:52","guid":{"rendered":"https:\/\/heba-sport-tec.ch\/produkt\/snoli-eindrehwerkzeug-fuer-messingeinsaetze-mit-gegenhalteschluessel\/"},"modified":"2025-11-19T12:56:00","modified_gmt":"2025-11-19T12:56:00","slug":"snoli-eindrehwerkzeug-fuer-messingeinsaetze-mit-gegenhalteschluessel","status":"publish","type":"product","link":"https:\/\/heba-sport-tec.ch\/en\/product\/snoli-eindrehwerkzeug-fuer-messingeinsaetze-mit-gegenhalteschluessel\/","title":{"rendered":"SNOLI Eindrehwerkzeug f\u00fcr Messingeins\u00e4tze mit Gegenhalteschl\u00fcssel"},"content":{"rendered":"","protected":false},"excerpt":{"rendered":"<p>Zum Eindrehen der Inserts 1302-9, -F und -11 in den Ski, Messingeinsatz mit Schlitz nach unten ansetzen<\/p>","protected":false},"featured_media":867,"template":"","meta":[],"product_brand":[226],"product_cat":[372,475],"product_tag":[],"class_list":{"0":"post-2501","1":"product","2":"type-product","3":"status-publish","4":"has-post-thumbnail","6":"product_brand-snoli","7":"product_cat-duebel","8":"product_cat-snoli","10":"first","11":"instock","12":"taxable","13":"shipping-taxable","14":"purchasable","15":"product-type-simple"},"acf":[],"_links":{"self":[{"href":"https:\/\/heba-sport-tec.ch\/en\/wp-json\/wp\/v2\/product\/2501","targetHints":{"allow":["GET"]}}],"collection":[{"href":"https:\/\/heba-sport-tec.ch\/en\/wp-json\/wp\/v2\/product"}],"about":[{"href":"https:\/\/heba-sport-tec.ch\/en\/wp-json\/wp\/v2\/types\/product"}],"wp:featuredmedia":[{"embeddable":true,"href":"https:\/\/heba-sport-tec.ch\/en\/wp-json\/wp\/v2\/media\/867"}],"wp:attachment":[{"href":"https:\/\/heba-sport-tec.ch\/en\/wp-json\/wp\/v2\/media?parent=2501"}],"wp:term":[{"taxonomy":"product_brand","embeddable":true,"href":"https:\/\/heba-sport-tec.ch\/en\/wp-json\/wp\/v2\/product_brand?post=2501"},{"taxonomy":"product_cat","embeddable":true,"href":"https:\/\/heba-sport-tec.ch\/en\/wp-json\/wp\/v2\/product_cat?post=2501"},{"taxonomy":"product_tag","embeddable":true,"href":"https:\/\/heba-sport-tec.ch\/en\/wp-json\/wp\/v2\/product_tag?post=2501"}],"curies":[{"name":"wp","href":"https:\/\/api.w.org\/{rel}","templated":true}]}}