{"id":2474,"date":"2025-06-05T01:23:50","date_gmt":"2025-06-05T01:23:50","guid":{"rendered":"https:\/\/heba-sport-tec.ch\/produkt\/snoli-wachsbuerste-nylon-bronze\/"},"modified":"2025-11-19T12:55:59","modified_gmt":"2025-11-19T12:55:59","slug":"snoli-wachsbuerste-nylon-bronze","status":"publish","type":"product","link":"https:\/\/heba-sport-tec.ch\/en\/product\/snoli-wachsbuerste-nylon-bronze\/","title":{"rendered":"SNOLI Wachsb\u00fcrste Nylon\/Bronze"},"content":{"rendered":"","protected":false},"excerpt":{"rendered":"<p>SNOLI Wachsb\u00fcrste Nylon\/Bronze<\/p>\n<p>Wachsb\u00fcrste Bronze\/Nylon zum Ausb\u00fcrsten von warmen Skiern und zum Vorbereiten des Skiwachsen.<\/p>\n<p>Die Kombi-Wachsb\u00fcrste Bronze\/Nylon (auch Kupfer\/Nylon) eignet sich, um den Skibelag auf das Skiwachsen vorzubereiten. Man kann mit dem Bronzeteil der Wachsb\u00fcrste die feinen amorphen Strukturen des Skibelags mechanisch reinigen, alte Gleit-Wachsr\u00fcckst\u00e4nde beseitigen und die mikroskopisch kleinen Belagsstrukturen f\u00fcr das folgende Gleitwachs wieder \u00f6ffnen.<\/p>\n<p>Zudem eignet sich die Wachsb\u00fcrste Bronze\/Nylon auch, um warme Ski auszub\u00fcrsten. Wer den Ski lange nicht gewachst hat, der findet feine Schmutzteile im Skibelag, die sich durch das Abziehen des warmen Wachses zeigen. Durch die Wachsb\u00fcrste Bronze\/Nylon schmiert das Wachs beim Ausb\u00fcrsten nicht so und der Schmutz kann effektiver heraus geb\u00fcrstet werden.<\/p>\n<p>Die Wachsb\u00fcrste Bronze\/Nylon eignet sich auch als Allroundb\u00fcrste.<\/p>\n<p>Breite 120 mm<\/p>","protected":false},"featured_media":804,"template":"","meta":[],"product_brand":[226],"product_cat":[307,475],"product_tag":[],"class_list":{"0":"post-2474","1":"product","2":"type-product","3":"status-publish","4":"has-post-thumbnail","6":"product_brand-snoli","7":"product_cat-buersten-rechteckig-buersten-belag-waxandtools","8":"product_cat-snoli","10":"first","11":"instock","12":"taxable","13":"shipping-taxable","14":"purchasable","15":"product-type-simple"},"acf":[],"_links":{"self":[{"href":"https:\/\/heba-sport-tec.ch\/en\/wp-json\/wp\/v2\/product\/2474","targetHints":{"allow":["GET"]}}],"collection":[{"href":"https:\/\/heba-sport-tec.ch\/en\/wp-json\/wp\/v2\/product"}],"about":[{"href":"https:\/\/heba-sport-tec.ch\/en\/wp-json\/wp\/v2\/types\/product"}],"wp:featuredmedia":[{"embeddable":true,"href":"https:\/\/heba-sport-tec.ch\/en\/wp-json\/wp\/v2\/media\/804"}],"wp:attachment":[{"href":"https:\/\/heba-sport-tec.ch\/en\/wp-json\/wp\/v2\/media?parent=2474"}],"wp:term":[{"taxonomy":"product_brand","embeddable":true,"href":"https:\/\/heba-sport-tec.ch\/en\/wp-json\/wp\/v2\/product_brand?post=2474"},{"taxonomy":"product_cat","embeddable":true,"href":"https:\/\/heba-sport-tec.ch\/en\/wp-json\/wp\/v2\/product_cat?post=2474"},{"taxonomy":"product_tag","embeddable":true,"href":"https:\/\/heba-sport-tec.ch\/en\/wp-json\/wp\/v2\/product_tag?post=2474"}],"curies":[{"name":"wp","href":"https:\/\/api.w.org\/{rel}","templated":true}]}}