{"id":2467,"date":"2025-06-05T01:23:49","date_gmt":"2025-06-05T01:23:49","guid":{"rendered":"https:\/\/heba-sport-tec.ch\/produkt\/snoli-finnfeile-hartverchromt-150x15mm-cut-2-extrafein\/"},"modified":"2025-11-19T12:55:59","modified_gmt":"2025-11-19T12:55:59","slug":"snoli-finnfeile-hartverchromt-150x15mm-cut-2-extrafein","status":"publish","type":"product","link":"https:\/\/heba-sport-tec.ch\/en\/product\/snoli-finnfeile-hartverchromt-150x15mm-cut-2-extrafein\/","title":{"rendered":"SNOLI Finnfeile hartverchromt, 150x15mm, Cut 2, extrafein"},"content":{"rendered":"","protected":false},"excerpt":{"rendered":"<p>Hochwertige extrafeine Finnfeile zum Sch\u00e4rfen der Seiten- und Unterkante von Ski und Snowboard. Hieb 16 \/ Cut 2<\/p>\n<p>Traditionelle Ski-Feile f\u00fcr den Racing-Bereich. Hartverchromt und sehr scharf f\u00fcr die Werkstatt oder das Ski-Tuning zu Hause, diese Feile ist seit Jahren die Referenz f\u00fcr Standard-Ski-Feilen. Sie stellt \u00fcber Jahre einen bleibenden Wert dar.<\/p>\n<p>\u2022 Exzellente Feile f\u00fcr alle Anwendungen<br \/>\n\u2022 Zum Herstellen von pr\u00e4zisen Winkeln an Seitenkanten und Belag<br \/>\n\u2022 Preisg\u00fcnstige Feile<br \/>\n\u2022 Anwenderniveau: Renneinsatz<br \/>\n\u2022 16 Hieb<br \/>\n\u2022 L\u00e4nge: 150 mm<\/p>","protected":false},"featured_media":708,"template":"","meta":[],"product_brand":[226],"product_cat":[296,475],"product_tag":[],"class_list":{"0":"post-2467","1":"product","2":"type-product","3":"status-publish","4":"has-post-thumbnail","6":"product_brand-snoli","7":"product_cat-feilen-kanten-waxandtools","8":"product_cat-snoli","10":"first","11":"instock","12":"taxable","13":"shipping-taxable","14":"purchasable","15":"product-type-simple"},"acf":[],"_links":{"self":[{"href":"https:\/\/heba-sport-tec.ch\/en\/wp-json\/wp\/v2\/product\/2467","targetHints":{"allow":["GET"]}}],"collection":[{"href":"https:\/\/heba-sport-tec.ch\/en\/wp-json\/wp\/v2\/product"}],"about":[{"href":"https:\/\/heba-sport-tec.ch\/en\/wp-json\/wp\/v2\/types\/product"}],"wp:featuredmedia":[{"embeddable":true,"href":"https:\/\/heba-sport-tec.ch\/en\/wp-json\/wp\/v2\/media\/708"}],"wp:attachment":[{"href":"https:\/\/heba-sport-tec.ch\/en\/wp-json\/wp\/v2\/media?parent=2467"}],"wp:term":[{"taxonomy":"product_brand","embeddable":true,"href":"https:\/\/heba-sport-tec.ch\/en\/wp-json\/wp\/v2\/product_brand?post=2467"},{"taxonomy":"product_cat","embeddable":true,"href":"https:\/\/heba-sport-tec.ch\/en\/wp-json\/wp\/v2\/product_cat?post=2467"},{"taxonomy":"product_tag","embeddable":true,"href":"https:\/\/heba-sport-tec.ch\/en\/wp-json\/wp\/v2\/product_tag?post=2467"}],"curies":[{"name":"wp","href":"https:\/\/api.w.org\/{rel}","templated":true}]}}