{"id":2463,"date":"2025-06-05T01:23:49","date_gmt":"2025-06-05T01:23:49","guid":{"rendered":"https:\/\/heba-sport-tec.ch\/produkt\/snoli-skibelag-polish-rot-grob-4-stk\/"},"modified":"2025-11-19T12:55:59","modified_gmt":"2025-11-19T12:55:59","slug":"snoli-skibelag-polish-rot-grob-4-stk","status":"publish","type":"product","link":"https:\/\/heba-sport-tec.ch\/en\/product\/snoli-skibelag-polish-rot-grob-4-stk\/","title":{"rendered":"SNOLI Skibelag Polish rot grob 4 Stk."},"content":{"rendered":"","protected":false},"excerpt":{"rendered":"<p>SNOLI Skibelag Polish versetzt mit feinen Schleifpartikeln, um den Belag zu gl\u00e4tten. 3 verschiedene St\u00e4rken.<\/p>\n<p>rot\/grob: Zum Abgraten von neuen oder frisch geschliffenen Bel\u00e4gen vor dem Waxen. Zur Reinigung des Belags ohne die Struktur zu besch\u00e4digen.<\/p>\n<p>grau\/medium: Zum \u00d6ffnen von oxidierten Bel\u00e4gen f\u00fcr eine bessere Waxaufnahme.<\/p>\n<p>wei\u00df\/fein: Zum Polieren des Belags nach dem Waxen und Ausb\u00fcrsten.<\/p>","protected":false},"featured_media":770,"template":"","meta":[],"product_brand":[226],"product_cat":[366,475],"product_tag":[],"class_list":{"0":"post-2463","1":"product","2":"type-product","3":"status-publish","4":"has-post-thumbnail","6":"product_brand-snoli","7":"product_cat-belagfinish-belag-waxandtools","8":"product_cat-snoli","10":"first","11":"instock","12":"taxable","13":"shipping-taxable","14":"purchasable","15":"product-type-simple"},"acf":[],"_links":{"self":[{"href":"https:\/\/heba-sport-tec.ch\/en\/wp-json\/wp\/v2\/product\/2463","targetHints":{"allow":["GET"]}}],"collection":[{"href":"https:\/\/heba-sport-tec.ch\/en\/wp-json\/wp\/v2\/product"}],"about":[{"href":"https:\/\/heba-sport-tec.ch\/en\/wp-json\/wp\/v2\/types\/product"}],"wp:featuredmedia":[{"embeddable":true,"href":"https:\/\/heba-sport-tec.ch\/en\/wp-json\/wp\/v2\/media\/770"}],"wp:attachment":[{"href":"https:\/\/heba-sport-tec.ch\/en\/wp-json\/wp\/v2\/media?parent=2463"}],"wp:term":[{"taxonomy":"product_brand","embeddable":true,"href":"https:\/\/heba-sport-tec.ch\/en\/wp-json\/wp\/v2\/product_brand?post=2463"},{"taxonomy":"product_cat","embeddable":true,"href":"https:\/\/heba-sport-tec.ch\/en\/wp-json\/wp\/v2\/product_cat?post=2463"},{"taxonomy":"product_tag","embeddable":true,"href":"https:\/\/heba-sport-tec.ch\/en\/wp-json\/wp\/v2\/product_tag?post=2463"}],"curies":[{"name":"wp","href":"https:\/\/api.w.org\/{rel}","templated":true}]}}