{"id":2458,"date":"2025-06-05T01:23:48","date_gmt":"2025-06-05T01:23:48","guid":{"rendered":"https:\/\/heba-sport-tec.ch\/produkt\/snoli-messingbuerste-165-mm\/"},"modified":"2025-11-19T12:55:59","modified_gmt":"2025-11-19T12:55:59","slug":"snoli-messingbuerste-165-mm","status":"publish","type":"product","link":"https:\/\/heba-sport-tec.ch\/en\/product\/snoli-messingbuerste-165-mm\/","title":{"rendered":"SNOLI Messingb\u00fcrste 165 mm"},"content":{"rendered":"<p>40g<\/p>","protected":false},"excerpt":{"rendered":"<p>Zum regelm\u00e4\u00dfigen Reinigen der Feilen von Eisensp\u00e4nen und Schleifstaub, f\u00fcr bessere Schleifergebnisse und verl\u00e4ngerte Lebensdauer der Feilen.<\/p>","protected":false},"featured_media":718,"template":"","meta":[],"product_brand":[226],"product_cat":[296,475],"product_tag":[],"class_list":{"0":"post-2458","1":"product","2":"type-product","3":"status-publish","4":"has-post-thumbnail","6":"product_brand-snoli","7":"product_cat-feilen-kanten-waxandtools","8":"product_cat-snoli","10":"first","11":"instock","12":"taxable","13":"shipping-taxable","14":"purchasable","15":"product-type-simple"},"acf":[],"_links":{"self":[{"href":"https:\/\/heba-sport-tec.ch\/en\/wp-json\/wp\/v2\/product\/2458","targetHints":{"allow":["GET"]}}],"collection":[{"href":"https:\/\/heba-sport-tec.ch\/en\/wp-json\/wp\/v2\/product"}],"about":[{"href":"https:\/\/heba-sport-tec.ch\/en\/wp-json\/wp\/v2\/types\/product"}],"wp:featuredmedia":[{"embeddable":true,"href":"https:\/\/heba-sport-tec.ch\/en\/wp-json\/wp\/v2\/media\/718"}],"wp:attachment":[{"href":"https:\/\/heba-sport-tec.ch\/en\/wp-json\/wp\/v2\/media?parent=2458"}],"wp:term":[{"taxonomy":"product_brand","embeddable":true,"href":"https:\/\/heba-sport-tec.ch\/en\/wp-json\/wp\/v2\/product_brand?post=2458"},{"taxonomy":"product_cat","embeddable":true,"href":"https:\/\/heba-sport-tec.ch\/en\/wp-json\/wp\/v2\/product_cat?post=2458"},{"taxonomy":"product_tag","embeddable":true,"href":"https:\/\/heba-sport-tec.ch\/en\/wp-json\/wp\/v2\/product_tag?post=2458"}],"curies":[{"name":"wp","href":"https:\/\/api.w.org\/{rel}","templated":true}]}}