{"id":2446,"date":"2025-06-05T01:23:46","date_gmt":"2025-06-05T01:23:46","guid":{"rendered":"https:\/\/heba-sport-tec.ch\/produkt\/snoli-wachsbuerste-nylon-fiber\/"},"modified":"2025-11-19T12:55:58","modified_gmt":"2025-11-19T12:55:58","slug":"snoli-wachsbuerste-nylon-fiber","status":"publish","type":"product","link":"https:\/\/heba-sport-tec.ch\/en\/product\/snoli-wachsbuerste-nylon-fiber\/","title":{"rendered":"SNOLI Wachsb\u00fcrste Nylon\/Fiber"},"content":{"rendered":"","protected":false},"excerpt":{"rendered":"<p>SNOLI Wachsb\u00fcrste Nylon\/Fiber<\/p>\n<p>Preiswerte Allroundb\u00fcrste f\u00fcr das Ausb\u00fcrsten nach dem Wachsen.<br \/>\nZwei hochwertige Materialien mit folgenden Eigenschaften vereint:<\/p>\n<p>Nylon: zum Ausb\u00fcrsten nach dem Wachsen sowie Freilegung der Struktur frisch gewachster Bel\u00e4ge<br \/>\nFiber: robuste Naturfaser zum Aufpolieren frisch gewachster Bel\u00e4ge<\/p>\n<p>Geeignet f\u00fcr alle Ski und Snowboards.<\/p>","protected":false},"featured_media":805,"template":"","meta":[],"product_brand":[226],"product_cat":[307,475],"product_tag":[],"class_list":{"0":"post-2446","1":"product","2":"type-product","3":"status-publish","4":"has-post-thumbnail","6":"product_brand-snoli","7":"product_cat-buersten-rechteckig-buersten-belag-waxandtools","8":"product_cat-snoli","10":"first","11":"instock","12":"taxable","13":"shipping-taxable","14":"purchasable","15":"product-type-simple"},"acf":[],"_links":{"self":[{"href":"https:\/\/heba-sport-tec.ch\/en\/wp-json\/wp\/v2\/product\/2446","targetHints":{"allow":["GET"]}}],"collection":[{"href":"https:\/\/heba-sport-tec.ch\/en\/wp-json\/wp\/v2\/product"}],"about":[{"href":"https:\/\/heba-sport-tec.ch\/en\/wp-json\/wp\/v2\/types\/product"}],"wp:featuredmedia":[{"embeddable":true,"href":"https:\/\/heba-sport-tec.ch\/en\/wp-json\/wp\/v2\/media\/805"}],"wp:attachment":[{"href":"https:\/\/heba-sport-tec.ch\/en\/wp-json\/wp\/v2\/media?parent=2446"}],"wp:term":[{"taxonomy":"product_brand","embeddable":true,"href":"https:\/\/heba-sport-tec.ch\/en\/wp-json\/wp\/v2\/product_brand?post=2446"},{"taxonomy":"product_cat","embeddable":true,"href":"https:\/\/heba-sport-tec.ch\/en\/wp-json\/wp\/v2\/product_cat?post=2446"},{"taxonomy":"product_tag","embeddable":true,"href":"https:\/\/heba-sport-tec.ch\/en\/wp-json\/wp\/v2\/product_tag?post=2446"}],"curies":[{"name":"wp","href":"https:\/\/api.w.org\/{rel}","templated":true}]}}