{"id":2432,"date":"2025-06-05T01:23:44","date_gmt":"2025-06-05T01:23:44","guid":{"rendered":"https:\/\/heba-sport-tec.ch\/produkt\/snoli-alu-oxyd-stein-korn-180-120x20x6-mm-weiss\/"},"modified":"2025-11-19T12:55:58","modified_gmt":"2025-11-19T12:55:58","slug":"snoli-alu-oxyd-stein-korn-180-120x20x6-mm-weiss","status":"publish","type":"product","link":"https:\/\/heba-sport-tec.ch\/en\/product\/snoli-alu-oxyd-stein-korn-180-120x20x6-mm-weiss\/","title":{"rendered":"SNOLI Alu-Oxyd-Stein Korn 180, 120x20x6 mm, wei\u00df"},"content":{"rendered":"","protected":false},"excerpt":{"rendered":"<p>Mit dem Alu-Oxyd Stein behandelst du die Kanten, um Verh\u00e4rtungen heraus zuschleifen. Der feine (wei\u00dfe) Stein eignet sich ideal f\u00fcr das Kanten-Finish.<\/p>","protected":false},"featured_media":747,"template":"","meta":[],"product_brand":[226],"product_cat":[297,475],"product_tag":[],"class_list":{"0":"post-2432","1":"product","2":"type-product","3":"status-publish","4":"has-post-thumbnail","6":"product_brand-snoli","7":"product_cat-kantenfinish-kanten-waxandtools","8":"product_cat-snoli","10":"first","11":"instock","12":"taxable","13":"shipping-taxable","14":"purchasable","15":"product-type-simple"},"acf":[],"_links":{"self":[{"href":"https:\/\/heba-sport-tec.ch\/en\/wp-json\/wp\/v2\/product\/2432","targetHints":{"allow":["GET"]}}],"collection":[{"href":"https:\/\/heba-sport-tec.ch\/en\/wp-json\/wp\/v2\/product"}],"about":[{"href":"https:\/\/heba-sport-tec.ch\/en\/wp-json\/wp\/v2\/types\/product"}],"wp:featuredmedia":[{"embeddable":true,"href":"https:\/\/heba-sport-tec.ch\/en\/wp-json\/wp\/v2\/media\/747"}],"wp:attachment":[{"href":"https:\/\/heba-sport-tec.ch\/en\/wp-json\/wp\/v2\/media?parent=2432"}],"wp:term":[{"taxonomy":"product_brand","embeddable":true,"href":"https:\/\/heba-sport-tec.ch\/en\/wp-json\/wp\/v2\/product_brand?post=2432"},{"taxonomy":"product_cat","embeddable":true,"href":"https:\/\/heba-sport-tec.ch\/en\/wp-json\/wp\/v2\/product_cat?post=2432"},{"taxonomy":"product_tag","embeddable":true,"href":"https:\/\/heba-sport-tec.ch\/en\/wp-json\/wp\/v2\/product_tag?post=2432"}],"curies":[{"name":"wp","href":"https:\/\/api.w.org\/{rel}","templated":true}]}}