{"id":2339,"date":"2025-06-05T01:08:53","date_gmt":"2025-06-05T01:08:53","guid":{"rendered":"https:\/\/heba-sport-tec.ch\/produkt\/ergo-side-wall-planer\/"},"modified":"2025-11-19T12:55:56","modified_gmt":"2025-11-19T12:55:56","slug":"ergo-side-wall-planer","status":"publish","type":"product","link":"https:\/\/heba-sport-tec.ch\/en\/product\/ergo-side-wall-planer\/","title":{"rendered":"Ergo Side Wall Planer"},"content":{"rendered":"","protected":false},"excerpt":{"rendered":"<p>Ergo\u00a0Side Wall\u00a0Planer<br \/>\nErgonomisch optimierter Seitenwangenabzieher mit belagsseitigen Gleitf\u00e4chen.<br \/>\n\u2013 Zur schnellen und zuverl\u00e4ssigen Pr\u00e4paration von Ski und Snowboard vor dem Sch\u00e4rfen der Stahlkante<br \/>\n\u2013 Die Klingenposition kann flexibel und einfach ge\u00e4ndert werden<br \/>\n\u2013 Inkl. Spare Blade Round 6 mm<\/p>","protected":false},"featured_media":5196,"template":"","meta":[],"product_brand":[248],"product_cat":[352,466],"product_tag":[],"class_list":{"0":"post-2339","1":"product","2":"type-product","3":"status-publish","4":"has-post-thumbnail","6":"product_brand-holmenkol","7":"product_cat-seitenwangen","8":"product_cat-holmenkol","10":"first","11":"instock","12":"taxable","13":"shipping-taxable","14":"purchasable","15":"product-type-simple"},"acf":[],"_links":{"self":[{"href":"https:\/\/heba-sport-tec.ch\/en\/wp-json\/wp\/v2\/product\/2339","targetHints":{"allow":["GET"]}}],"collection":[{"href":"https:\/\/heba-sport-tec.ch\/en\/wp-json\/wp\/v2\/product"}],"about":[{"href":"https:\/\/heba-sport-tec.ch\/en\/wp-json\/wp\/v2\/types\/product"}],"wp:featuredmedia":[{"embeddable":true,"href":"https:\/\/heba-sport-tec.ch\/en\/wp-json\/wp\/v2\/media\/5196"}],"wp:attachment":[{"href":"https:\/\/heba-sport-tec.ch\/en\/wp-json\/wp\/v2\/media?parent=2339"}],"wp:term":[{"taxonomy":"product_brand","embeddable":true,"href":"https:\/\/heba-sport-tec.ch\/en\/wp-json\/wp\/v2\/product_brand?post=2339"},{"taxonomy":"product_cat","embeddable":true,"href":"https:\/\/heba-sport-tec.ch\/en\/wp-json\/wp\/v2\/product_cat?post=2339"},{"taxonomy":"product_tag","embeddable":true,"href":"https:\/\/heba-sport-tec.ch\/en\/wp-json\/wp\/v2\/product_tag?post=2339"}],"curies":[{"name":"wp","href":"https:\/\/api.w.org\/{rel}","templated":true}]}}