{"id":2314,"date":"2025-06-05T01:08:52","date_gmt":"2025-06-05T01:08:52","guid":{"rendered":"https:\/\/heba-sport-tec.ch\/produkt\/base-edge-file-guide\/"},"modified":"2025-11-19T12:55:55","modified_gmt":"2025-11-19T12:55:55","slug":"base-edge-file-guide","status":"publish","type":"product","link":"https:\/\/heba-sport-tec.ch\/en\/product\/base-edge-file-guide\/","title":{"rendered":"Base Edge File Guide"},"content":{"rendered":"","protected":false},"excerpt":{"rendered":"<p>Base Edge File Guide<br \/>\nIdeales Ger\u00e4t f\u00fcr das belagseitige Abh\u00e4ngen der Stahlkanten von Ski und Snowboard.<br \/>\n\u2013 Winkel ist stufenlos einstellbar zwischen 0,5\u00b0 und 1,5\u00b0<br \/>\n\u2013 Griffschraube erm\u00f6glicht eine sichere Fixierung<br \/>\n\u2013 Geeignet f\u00fcr Skifeilen mit einer Breite von 20 bis 25 mm und<br \/>\neiner St\u00e4rke bis zu 6 mm<br \/>\n\u2013 Material aus Glasfaserverst\u00e4rktem Kunststoff<\/p>","protected":false},"featured_media":5177,"template":"","meta":[],"product_brand":[248],"product_cat":[353,466],"product_tag":[],"class_list":{"0":"post-2314","1":"product","2":"type-product","3":"status-publish","4":"has-post-thumbnail","6":"product_brand-holmenkol","7":"product_cat-feilenhalter-kanten-waxandtools","8":"product_cat-holmenkol","10":"first","11":"instock","12":"taxable","13":"shipping-taxable","14":"purchasable","15":"product-type-simple"},"acf":[],"_links":{"self":[{"href":"https:\/\/heba-sport-tec.ch\/en\/wp-json\/wp\/v2\/product\/2314","targetHints":{"allow":["GET"]}}],"collection":[{"href":"https:\/\/heba-sport-tec.ch\/en\/wp-json\/wp\/v2\/product"}],"about":[{"href":"https:\/\/heba-sport-tec.ch\/en\/wp-json\/wp\/v2\/types\/product"}],"wp:featuredmedia":[{"embeddable":true,"href":"https:\/\/heba-sport-tec.ch\/en\/wp-json\/wp\/v2\/media\/5177"}],"wp:attachment":[{"href":"https:\/\/heba-sport-tec.ch\/en\/wp-json\/wp\/v2\/media?parent=2314"}],"wp:term":[{"taxonomy":"product_brand","embeddable":true,"href":"https:\/\/heba-sport-tec.ch\/en\/wp-json\/wp\/v2\/product_brand?post=2314"},{"taxonomy":"product_cat","embeddable":true,"href":"https:\/\/heba-sport-tec.ch\/en\/wp-json\/wp\/v2\/product_cat?post=2314"},{"taxonomy":"product_tag","embeddable":true,"href":"https:\/\/heba-sport-tec.ch\/en\/wp-json\/wp\/v2\/product_tag?post=2314"}],"curies":[{"name":"wp","href":"https:\/\/api.w.org\/{rel}","templated":true}]}}