{"id":2270,"date":"2025-06-05T01:08:48","date_gmt":"2025-06-05T01:08:48","guid":{"rendered":"https:\/\/heba-sport-tec.ch\/produkt\/base-edge-file-guide-set-05-07-10\/"},"modified":"2025-11-19T12:55:54","modified_gmt":"2025-11-19T12:55:54","slug":"base-edge-file-guide-set-05-07-10","status":"publish","type":"product","link":"https:\/\/heba-sport-tec.ch\/en\/product\/base-edge-file-guide-set-05-07-10\/","title":{"rendered":"Base Edge File Guide Set (0,5\u00b0-0,7\u00b0-1,0\u00b0)"},"content":{"rendered":"","protected":false},"excerpt":{"rendered":"<p>Base Edge File Guide Set<br \/>\nFeilenf\u00fchrung f\u00fcr belagseitiges Abh\u00e4ngen der Stahlkanten von Ski und Snowboards.<br \/>\n\u2013   Set bestehend aus 0,5\u00b0, 0,7\u00b0 und 1,0\u00b0 Ausf\u00fchrung<br \/>\n\u2013   Geeignet f\u00fcr Feilen bis max. 25 mm Breite <\/p>","protected":false},"featured_media":429,"template":"","meta":[],"product_brand":[248],"product_cat":[353,466],"product_tag":[],"class_list":{"0":"post-2270","1":"product","2":"type-product","3":"status-publish","4":"has-post-thumbnail","6":"product_brand-holmenkol","7":"product_cat-feilenhalter-kanten-waxandtools","8":"product_cat-holmenkol","10":"first","11":"instock","12":"taxable","13":"shipping-taxable","14":"purchasable","15":"product-type-simple"},"acf":[],"_links":{"self":[{"href":"https:\/\/heba-sport-tec.ch\/en\/wp-json\/wp\/v2\/product\/2270","targetHints":{"allow":["GET"]}}],"collection":[{"href":"https:\/\/heba-sport-tec.ch\/en\/wp-json\/wp\/v2\/product"}],"about":[{"href":"https:\/\/heba-sport-tec.ch\/en\/wp-json\/wp\/v2\/types\/product"}],"wp:featuredmedia":[{"embeddable":true,"href":"https:\/\/heba-sport-tec.ch\/en\/wp-json\/wp\/v2\/media\/429"}],"wp:attachment":[{"href":"https:\/\/heba-sport-tec.ch\/en\/wp-json\/wp\/v2\/media?parent=2270"}],"wp:term":[{"taxonomy":"product_brand","embeddable":true,"href":"https:\/\/heba-sport-tec.ch\/en\/wp-json\/wp\/v2\/product_brand?post=2270"},{"taxonomy":"product_cat","embeddable":true,"href":"https:\/\/heba-sport-tec.ch\/en\/wp-json\/wp\/v2\/product_cat?post=2270"},{"taxonomy":"product_tag","embeddable":true,"href":"https:\/\/heba-sport-tec.ch\/en\/wp-json\/wp\/v2\/product_tag?post=2270"}],"curies":[{"name":"wp","href":"https:\/\/api.w.org\/{rel}","templated":true}]}}