{"id":30,"date":"2025-03-07T15:43:11","date_gmt":"2025-03-07T15:43:11","guid":{"rendered":"https:\/\/heba-sport-tec.ch\/?page_id=30"},"modified":"2025-10-22T07:48:10","modified_gmt":"2025-10-22T07:48:10","slug":"heba-sport-tec","status":"publish","type":"page","link":"https:\/\/heba-sport-tec.ch\/en\/","title":{"rendered":"Heba-Sport-Tec"},"content":{"rendered":"<div data-elementor-type=\"wp-page\" data-elementor-id=\"30\" class=\"elementor elementor-30\" data-elementor-post-type=\"page\">\n\t\t\t\t<div class=\"elementor-element elementor-element-9c4afb2 e-con-full home-hero e-flex elementor-invisible e-con e-parent\" data-id=\"9c4afb2\" data-element_type=\"container\" data-settings=\"{&quot;background_background&quot;:&quot;classic&quot;,&quot;animation&quot;:&quot;fadeIn&quot;,&quot;animation_delay&quot;:100}\">\n\t\t<div class=\"elementor-element elementor-element-ad010f8 e-con-full e-flex e-con e-child\" data-id=\"ad010f8\" data-element_type=\"container\">\n\t\t<div class=\"elementor-element elementor-element-1795d5b e-con-full hero-content-wrapper e-flex e-con e-child\" data-id=\"1795d5b\" data-element_type=\"container\">\n\t\t\t\t<div class=\"elementor-element elementor-element-57bae41 home-hero-title elementor-widget__width-initial elementor-widget elementor-widget-heading\" data-id=\"57bae41\" data-element_type=\"widget\" data-widget_type=\"heading.default\">\n\t\t\t\t<div class=\"elementor-widget-container\">\n\t\t\t\t\t<h2 class=\"elementor-heading-title elementor-size-default\">HEBA SportTec GmbH\u200b\u200b\u200b<\/h2>\t\t\t\t<\/div>\n\t\t\t\t<\/div>\n\t\t\t\t<div class=\"elementor-element elementor-element-ae2c45c elementor-widget elementor-widget-text-editor\" data-id=\"ae2c45c\" data-element_type=\"widget\" data-widget_type=\"text-editor.default\">\n\t\t\t\t<div class=\"elementor-widget-container\">\n\t\t\t\t\t\t\t\t\t<p>Alles f\u00fcr den professionellen Schneesport-Service.<br \/><b>Einfach bestellen, schnell geliefert.<\/b><\/p>\t\t\t\t\t\t\t\t<\/div>\n\t\t\t\t<\/div>\n\t\t\t\t<\/div>\n\t\t<div class=\"elementor-element elementor-element-62d6dae e-grid e-con-full home-hero-slider-nav elementor-hidden-desktop e-con e-child\" data-id=\"62d6dae\" data-element_type=\"container\">\n\t\t\t\t<div class=\"elementor-element elementor-element-44a2a5e elementor-align-right elementor-widget elementor-widget-button\" data-id=\"44a2a5e\" data-element_type=\"widget\" data-widget_type=\"button.default\">\n\t\t\t\t<div class=\"elementor-widget-container\">\n\t\t\t\t\t\t\t\t\t<div class=\"elementor-button-wrapper\">\n\t\t\t\t\t<a class=\"elementor-button elementor-button-link elementor-size-sm\" href=\"\" id=\"home-hero-slider-prev\">\n\t\t\t\t\t\t<span class=\"elementor-button-content-wrapper\">\n\t\t\t\t\t\t<span class=\"elementor-button-icon\">\n\t\t\t\t<svg aria-hidden=\"true\" class=\"e-font-icon-svg e-far-caret-square-left\" viewbox=\"0 0 448 512\" xmlns=\"http:\/\/www.w3.org\/2000\/svg\"><path d=\"M272 157.1v197.8c0 10.7-13 16.1-20.5 8.5l-98.3-98.9c-4.7-4.7-4.7-12.2 0-16.9l98.3-98.9c7.5-7.7 20.5-2.3 20.5 8.4zM448 80v352c0 26.5-21.5 48-48 48H48c-26.5 0-48-21.5-48-48V80c0-26.5 21.5-48 48-48h352c26.5 0 48 21.5 48 48zm-48 346V86c0-3.3-2.7-6-6-6H54c-3.3 0-6 2.7-6 6v340c0 3.3 2.7 6 6 6h340c3.3 0 6-2.7 6-6z\"><\/path><\/svg>\t\t\t<\/span>\n\t\t\t\t\t\t\t\t<\/span>\n\t\t\t\t\t<\/a>\n\t\t\t\t<\/div>\n\t\t\t\t\t\t\t\t<\/div>\n\t\t\t\t<\/div>\n\t\t\t\t<div class=\"elementor-element elementor-element-8e7ea76 elementor-widget elementor-widget-button\" data-id=\"8e7ea76\" data-element_type=\"widget\" data-widget_type=\"button.default\">\n\t\t\t\t<div class=\"elementor-widget-container\">\n\t\t\t\t\t\t\t\t\t<div class=\"elementor-button-wrapper\">\n\t\t\t\t\t<a class=\"elementor-button elementor-button-link elementor-size-sm\" href=\"\" id=\"home-hero-slider-next\">\n\t\t\t\t\t\t<span class=\"elementor-button-content-wrapper\">\n\t\t\t\t\t\t<span class=\"elementor-button-icon\">\n\t\t\t\t<svg aria-hidden=\"true\" class=\"e-font-icon-svg e-far-caret-square-right\" viewbox=\"0 0 448 512\" xmlns=\"http:\/\/www.w3.org\/2000\/svg\"><path d=\"M176 354.9V157.1c0-10.7 13-16.1 20.5-8.5l98.3 98.9c4.7 4.7 4.7 12.2 0 16.9l-98.3 98.9c-7.5 7.7-20.5 2.3-20.5-8.4zM448 80v352c0 26.5-21.5 48-48 48H48c-26.5 0-48-21.5-48-48V80c0-26.5 21.5-48 48-48h352c26.5 0 48 21.5 48 48zm-48 346V86c0-3.3-2.7-6-6-6H54c-3.3 0-6 2.7-6 6v340c0 3.3 2.7 6 6 6h340c3.3 0 6-2.7 6-6z\"><\/path><\/svg>\t\t\t<\/span>\n\t\t\t\t\t\t\t\t<\/span>\n\t\t\t\t\t<\/a>\n\t\t\t\t<\/div>\n\t\t\t\t\t\t\t\t<\/div>\n\t\t\t\t<\/div>\n\t\t\t\t<\/div>\n\t\t\t\t<div class=\"elementor-element elementor-element-b0b9da2 elementor-widget elementor-widget-shortcode\" data-id=\"b0b9da2\" data-element_type=\"widget\" data-widget_type=\"shortcode.default\">\n\t\t\t\t<div class=\"elementor-widget-container\">\n\t\t\t\t\t\t\t<div class=\"elementor-shortcode\"><div class=\"expandable-slider-wrapper\"><div class=\"expandable-slide\" style=\"--optionBackground: url(https:\/\/heba-sport-tec.ch\/wp-content\/uploads\/2025\/09\/slider-1.png);\"><div class=\"expandable-slide-content\"><h2>Waxe &amp; Tools<\/h2><p>Alles f\u00fcr den perfekten Service \u2013 von hochwertigem Zubeh\u00f6r bis zu Profi-Werkzeugen.<\/p><a class=\"btn\" href=\"https:\/\/heba-sport-tec.ch\/en\/product-category\/waxandtools\/\">Zum Shop<\/a><\/div><div class=\"expandable-slide-count\"><span class=\"number\">1<\/span><\/div><\/div><div class=\"expandable-slide\" style=\"--optionBackground: url(https:\/\/heba-sport-tec.ch\/wp-content\/uploads\/2025\/09\/slider-2.png);\"><div class=\"expandable-slide-content\"><h2>Zum Schleifen<\/h2><p>Pr\u00e4zise Schleifl\u00f6sungen f\u00fcr Ski und Snowboard \u2013 f\u00fcr Grip und Performance auf jedem Hang.<\/p><a class=\"btn\" href=\"https:\/\/heba-sport-tec.ch\/en\/product-category\/schleifen\/\">Zum Shop<\/a><\/div><div class=\"expandable-slide-count\"><span class=\"number\">2<\/span><\/div><\/div><div class=\"expandable-slide\" style=\"--optionBackground: url(https:\/\/heba-sport-tec.ch\/wp-content\/uploads\/2025\/09\/slider-3.png);\"><div class=\"expandable-slide-content\"><h2>Skiservice-Maschinen<\/h2><p>Moderne Maschinen f\u00fcr effizienten Skiservice \u2013 zuverl\u00e4ssig, langlebig, leistungsstark.<\/p><a class=\"btn\" href=\"https:\/\/heba-sport-tec.ch\/en\/product-category\/skiservice-maschinen\/\">Zum Shop<\/a><\/div><div class=\"expandable-slide-count\"><span class=\"number\">3<\/span><\/div><\/div><div class=\"expandable-slide\" style=\"--optionBackground: url(https:\/\/heba-sport-tec.ch\/wp-content\/uploads\/2025\/09\/slider-4.png);\"><div class=\"expandable-slide-content\"><h2>Pflege &amp; Reinigung<\/h2><p>Schnell, sauber, gr\u00fcndlich: Produkte f\u00fcr die optimale Pflege und lange Lebensdauer Ihrer Ausr\u00fcstung.<\/p><a class=\"btn\" href=\"https:\/\/heba-sport-tec.ch\/en\/product-category\/pflegeundreinigung\/\">Zum Shop<\/a><\/div><div class=\"expandable-slide-count\"><span class=\"number\">4<\/span><\/div><\/div><div class=\"expandable-slide\" style=\"--optionBackground: url(https:\/\/heba-sport-tec.ch\/wp-content\/uploads\/2025\/09\/slider-5.png);\"><div class=\"expandable-slide-content\"><h2>Depot &amp; Beratung<\/h2><p>Sichere Depots und pers\u00f6nliche Beratung \u2013 f\u00fcr die beste L\u00f6sung rund um Ihre Wintersport-Ausr\u00fcstung.<\/p><a class=\"btn\" href=\"https:\/\/heba-sport-tec.ch\/en\/kontakt\/\">Kontakt<\/a><\/div><div class=\"expandable-slide-count\"><span class=\"number\">5<\/span><\/div><\/div><\/div><\/div>\n\t\t\t\t\t\t<\/div>\n\t\t\t\t<\/div>\n\t\t\t\t<div class=\"elementor-element elementor-element-f5efa4a elementor-hidden-desktop elementor-hidden-tablet elementor-hidden-mobile elementor--h-position-center elementor--v-position-middle elementor-widget elementor-widget-slides\" data-id=\"f5efa4a\" data-element_type=\"widget\" data-settings=\"{&quot;navigation&quot;:&quot;none&quot;,&quot;_animation&quot;:&quot;none&quot;,&quot;autoplay&quot;:&quot;yes&quot;,&quot;pause_on_hover&quot;:&quot;yes&quot;,&quot;pause_on_interaction&quot;:&quot;yes&quot;,&quot;autoplay_speed&quot;:5000,&quot;transition&quot;:&quot;slide&quot;,&quot;transition_speed&quot;:500}\" data-widget_type=\"slides.default\">\n\t\t\t\t<div class=\"elementor-widget-container\">\n\t\t\t\t\t\t\t\t\t<div class=\"elementor-swiper\">\n\t\t\t\t\t<div class=\"elementor-slides-wrapper elementor-main-swiper swiper\" role=\"region\" aria-roledescription=\"carousel\" aria-label=\"Slider\" dir=\"ltr\" data-animation=\"fadeInUp\">\n\t\t\t\t<div class=\"swiper-wrapper elementor-slides\">\n\t\t\t\t\t\t\t\t\t\t<div class=\"elementor-repeater-item-0ec3d2d swiper-slide\" role=\"group\" aria-roledescription=\"slide\"><div class=\"swiper-slide-bg\" role=\"img\" aria-label=\"HEBA waxe und tools\"><\/div><div class=\"swiper-slide-inner\" ><div class=\"swiper-slide-contents\"><div class=\"elementor-slide-heading\">Waxe und Tools<\/div><div class=\"elementor-slide-description\">Alles f\u00fcr den perfekten Service \u2013 von hochwertigem Zubeh\u00f6r bis zu Profi-Werkzeugen.<\/div><a href=\"https:\/\/heba-sport-tec.ch\/en\" class=\"elementor-button elementor-slide-button elementor-size-sm\">zum Shop<\/a><\/div><\/div><\/div><div class=\"elementor-repeater-item-bca1a28 swiper-slide\" role=\"group\" aria-roledescription=\"slide\"><div class=\"swiper-slide-bg\" role=\"img\" aria-label=\"HEBA schleifen\"><\/div><div class=\"swiper-slide-inner\" ><div class=\"swiper-slide-contents\"><div class=\"elementor-slide-heading\">zum Schleifen<\/div><div class=\"elementor-slide-description\">Lorem ipsum dolor sit amet consectetur adipiscing elit dolor<\/div><div  class=\"elementor-button elementor-slide-button elementor-size-sm\">Hier klicken<\/div><\/div><\/div><\/div><div class=\"elementor-repeater-item-f5892e8 swiper-slide\" role=\"group\" aria-roledescription=\"slide\"><div class=\"swiper-slide-bg\" role=\"img\" aria-label=\"HEBA skiservicemaschinen\"><\/div><div class=\"swiper-slide-inner\" ><div class=\"swiper-slide-contents\"><div class=\"elementor-slide-heading\">Skiservice-Maschinen<\/div><div class=\"elementor-slide-description\">Lorem ipsum dolor sit amet consectetur adipiscing elit dolor<\/div><div  class=\"elementor-button elementor-slide-button elementor-size-sm\">Hier klicken<\/div><\/div><\/div><\/div><div class=\"elementor-repeater-item-951d09c swiper-slide\" role=\"group\" aria-roledescription=\"slide\"><div class=\"swiper-slide-bg\" role=\"img\" aria-label=\"Close-up of soap suds with water on a blue background. Space for copy.\"><\/div><div class=\"swiper-slide-inner\" ><div class=\"swiper-slide-contents\"><div class=\"elementor-slide-heading\">Pflege und Reinigung<\/div><div class=\"elementor-slide-description\">Lorem ipsum dolor sit amet, consectetur adipiscing elit. Ut elit tellus, luctus nec ullamcorper mattis, pulvinar dapibus leo.<\/div><div  class=\"elementor-button elementor-slide-button elementor-size-sm\">Hier klicken<\/div><\/div><\/div><\/div><div class=\"elementor-repeater-item-5dc42a9 swiper-slide\" role=\"group\" aria-roledescription=\"slide\"><div class=\"swiper-slide-bg\" role=\"img\" aria-label=\"HEBA depot\"><\/div><div class=\"swiper-slide-inner\" ><div class=\"swiper-slide-contents\"><div class=\"elementor-slide-heading\">Depot<\/div><div class=\"elementor-slide-description\">Lorem ipsum dolor sit amet, consectetur adipiscing elit. Ut elit tellus, luctus nec ullamcorper mattis, pulvinar dapibus leo.<\/div><div  class=\"elementor-button elementor-slide-button elementor-size-sm\">Hier klicken<\/div><\/div><\/div><\/div>\t\t\t\t<\/div>\n\t\t\t\t\t\t\t\t\t\t\t\t\t\t\t\t\t\t\t\t\t<\/div>\n\t\t\t\t<\/div>\n\t\t\t\t\t\t\t\t<\/div>\n\t\t\t\t<\/div>\n\t\t\t\t<\/div>\n\t\t\t\t<\/div>\n\t\t<div class=\"elementor-element elementor-element-738267e e-con-full home-content e-flex elementor-invisible e-con e-parent\" data-id=\"738267e\" data-element_type=\"container\" data-settings=\"{&quot;background_background&quot;:&quot;classic&quot;,&quot;animation&quot;:&quot;fadeIn&quot;,&quot;animation_delay&quot;:100}\">\n\t\t<div class=\"elementor-element elementor-element-ca0ee8e e-con-full e-flex e-con e-child\" data-id=\"ca0ee8e\" data-element_type=\"container\">\n\t\t\t\t<div class=\"elementor-element elementor-element-34ec3fc elementor-widget__width-initial home-content-title elementor-widget elementor-widget-heading\" data-id=\"34ec3fc\" data-element_type=\"widget\" data-widget_type=\"heading.default\">\n\t\t\t\t<div class=\"elementor-widget-container\">\n\t\t\t\t\t<h2 class=\"elementor-heading-title elementor-size-default\">Ihr Partner f\u00fcr moderne Sportbeschichtungen und Skipflege<\/h2>\t\t\t\t<\/div>\n\t\t\t\t<\/div>\n\t\t\t\t<div class=\"elementor-element elementor-element-9d8d276 elementor-widget elementor-widget-text-editor\" data-id=\"9d8d276\" data-element_type=\"widget\" data-widget_type=\"text-editor.default\">\n\t\t\t\t<div class=\"elementor-widget-container\">\n\t\t\t\t\t\t\t\t\t<p>HEBA Sport Tec steht seit \u00fcber 30 Jahren f\u00fcr Qualit\u00e4t, Pr\u00e4zision und pers\u00f6nliche Beratung im Schneesport-Service. Was 1994 als Einzelfirma in H\u00e4gendorf begann, hat sich unter der langj\u00e4hrigen Leitung von Peter Kunz zur f\u00fchrenden Adresse f\u00fcr hochwertige Werkstattausr\u00fcstung und Serviceartikel entwickelt. Seit 2001 mit Sitz in Uster, betreuen wir unsere Kundinnen und Kunden l\u00f6sungsorientiert, individuell und mit technischem Feingef\u00fchl.<\/p>\n<p class=\"p1\">Mit dem neuen Standort in St.Gallen bauen wir unsere N\u00e4he zur Kundschaft weiter aus und setzen zugleich auf Innovation und technische Weiterentwicklung. Der pers\u00f6nliche Kontakt und das Verst\u00e4ndnis f\u00fcr die individuellen Anforderungen unserer Kundschaft bleiben dabei im Mittelpunkt. Ob Schleiftechnologie, Rennsportl\u00f6sungen nach Mass, Maschinen oder intelligente Lagersysteme: Wir liefern Technik, die funktioniert \u2013 und L\u00f6sungen, die genau zu Ihnen passen.<\/p>\t\t\t\t\t\t\t\t<\/div>\n\t\t\t\t<\/div>\n\t\t\t\t<\/div>\n\t\t\t\t<\/div>\n\t\t<div class=\"elementor-element elementor-element-239f90d e-con-full home-cta e-flex elementor-invisible e-con e-parent\" data-id=\"239f90d\" data-element_type=\"container\" data-settings=\"{&quot;background_background&quot;:&quot;classic&quot;,&quot;animation&quot;:&quot;fadeIn&quot;,&quot;animation_delay&quot;:100}\">\n\t\t<div class=\"elementor-element elementor-element-54d6d80 e-con-full e-flex e-con e-child\" data-id=\"54d6d80\" data-element_type=\"container\" data-settings=\"{&quot;background_background&quot;:&quot;classic&quot;}\">\n\t\t\t\t<div class=\"elementor-element elementor-element-4b7218f elementor-widget__width-initial elementor-widget elementor-widget-heading\" data-id=\"4b7218f\" data-element_type=\"widget\" data-widget_type=\"heading.default\">\n\t\t\t\t<div class=\"elementor-widget-container\">\n\t\t\t\t\t<h2 class=\"elementor-heading-title elementor-size-default\">HEBA Sport Tec \u2013 wo Qualit\u00e4t, Erfahrung und \nKundenn\u00e4he zusammenkommen.<\/h2>\t\t\t\t<\/div>\n\t\t\t\t<\/div>\n\t\t\t\t<div class=\"elementor-element elementor-element-47e2a46 elementor-align-center elementor-widget elementor-widget-button\" data-id=\"47e2a46\" data-element_type=\"widget\" data-widget_type=\"button.default\">\n\t\t\t\t<div class=\"elementor-widget-container\">\n\t\t\t\t\t\t\t\t\t<div class=\"elementor-button-wrapper\">\n\t\t\t\t\t<a class=\"elementor-button elementor-button-link elementor-size-sm\" href=\"https:\/\/heba-sport-tec.ch\/en\/kontakt\/\">\n\t\t\t\t\t\t<span class=\"elementor-button-content-wrapper\">\n\t\t\t\t\t\t\t\t\t<span class=\"elementor-button-text\">Kontaktieren Sie uns<\/span>\n\t\t\t\t\t<\/span>\n\t\t\t\t\t<\/a>\n\t\t\t\t<\/div>\n\t\t\t\t\t\t\t\t<\/div>\n\t\t\t\t<\/div>\n\t\t\t\t<\/div>\n\t\t\t\t<\/div>\n\t\t<div class=\"elementor-element elementor-element-7896921 e-con-full e-flex elementor-invisible e-con e-parent\" data-id=\"7896921\" data-element_type=\"container\" data-settings=\"{&quot;background_background&quot;:&quot;classic&quot;,&quot;animation&quot;:&quot;fadeIn&quot;,&quot;animation_delay&quot;:100}\">\n\t\t<div class=\"elementor-element elementor-element-a7ab5f9 e-con-full e-flex e-con e-child\" data-id=\"a7ab5f9\" data-element_type=\"container\">\n\t\t\t\t<div class=\"elementor-element elementor-element-5e19c10 elementor-widget elementor-widget-heading\" data-id=\"5e19c10\" data-element_type=\"widget\" data-widget_type=\"heading.default\">\n\t\t\t\t<div class=\"elementor-widget-container\">\n\t\t\t\t\t<h2 class=\"elementor-heading-title elementor-size-default\">Unsere Marken<\/h2>\t\t\t\t<\/div>\n\t\t\t\t<\/div>\n\t\t<div class=\"elementor-element elementor-element-0bcbe95 e-con-full e-grid e-con e-child\" data-id=\"0bcbe95\" data-element_type=\"container\">\n\t\t\t\t<div class=\"elementor-element elementor-element-ad8bea3 elementor-widget elementor-widget-image\" data-id=\"ad8bea3\" data-element_type=\"widget\" data-widget_type=\"image.default\">\n\t\t\t\t<div class=\"elementor-widget-container\">\n\t\t\t\t\t\t\t\t\t\t\t\t\t\t\t\t<a href=\"https:\/\/heba-sport-tec.ch\/en\/product-category\/waxandtools\/?filtering=1&#038;filter_product_brand=248\">\n\t\t\t\t\t\t\t<img fetchpriority=\"high\" decoding=\"async\" width=\"1024\" height=\"682\" src=\"https:\/\/heba-sport-tec.ch\/wp-content\/uploads\/2025\/08\/holmenkol-1.jpg\" class=\"attachment-full size-full wp-image-4199\" alt=\"\" srcset=\"https:\/\/heba-sport-tec.ch\/wp-content\/uploads\/2025\/08\/holmenkol-1.jpg 1024w, https:\/\/heba-sport-tec.ch\/wp-content\/uploads\/2025\/08\/holmenkol-1-300x200.jpg 300w, https:\/\/heba-sport-tec.ch\/wp-content\/uploads\/2025\/08\/holmenkol-1-768x512.jpg 768w, https:\/\/heba-sport-tec.ch\/wp-content\/uploads\/2025\/08\/holmenkol-1-18x12.jpg 18w, https:\/\/heba-sport-tec.ch\/wp-content\/uploads\/2025\/08\/holmenkol-1-990x659.jpg 990w, https:\/\/heba-sport-tec.ch\/wp-content\/uploads\/2025\/08\/holmenkol-1-441x294.jpg 441w, https:\/\/heba-sport-tec.ch\/wp-content\/uploads\/2025\/08\/holmenkol-1-600x400.jpg 600w, https:\/\/heba-sport-tec.ch\/wp-content\/uploads\/2025\/08\/holmenkol-1-150x100.jpg 150w, https:\/\/heba-sport-tec.ch\/wp-content\/uploads\/2025\/08\/elementor\/thumbs\/holmenkol-1-raym0fbashqrrh6stgu8a99wvu097n80nmiephak6o.jpg 180w\" sizes=\"(max-width: 360px) 147px, (max-width: 1024px) 100vw, 1024px\" \/>\t\t\t\t\t\t\t\t<\/a>\n\t\t\t\t\t\t\t\t\t\t\t\t\t\t\t<\/div>\n\t\t\t\t<\/div>\n\t\t\t\t<div class=\"elementor-element elementor-element-a483537 elementor-widget elementor-widget-image\" data-id=\"a483537\" data-element_type=\"widget\" data-widget_type=\"image.default\">\n\t\t\t\t<div class=\"elementor-widget-container\">\n\t\t\t\t\t\t\t\t\t\t\t\t\t\t\t\t<a href=\"https:\/\/heba-sport-tec.ch\/en\/product-category\/schleifen\/?filtering=1&#038;filter_product_brand=395\">\n\t\t\t\t\t\t\t<img decoding=\"async\" width=\"360\" height=\"240\" src=\"https:\/\/heba-sport-tec.ch\/wp-content\/uploads\/2025\/08\/hanco.jpg\" class=\"attachment-full size-full wp-image-4205\" alt=\"\" srcset=\"https:\/\/heba-sport-tec.ch\/wp-content\/uploads\/2025\/08\/hanco.jpg 360w, https:\/\/heba-sport-tec.ch\/wp-content\/uploads\/2025\/08\/hanco-300x200.jpg 300w, https:\/\/heba-sport-tec.ch\/wp-content\/uploads\/2025\/08\/hanco-18x12.jpg 18w, https:\/\/heba-sport-tec.ch\/wp-content\/uploads\/2025\/08\/hanco-150x100.jpg 150w, https:\/\/heba-sport-tec.ch\/wp-content\/uploads\/2025\/08\/elementor\/thumbs\/hanco-raynr9stqpry0vweu4t8hwceqa8qv3pxmos4ui3y5s.jpg 180w\" sizes=\"(max-width: 360px) 147px, (max-width: 360px) 100vw, 360px\" \/>\t\t\t\t\t\t\t\t<\/a>\n\t\t\t\t\t\t\t\t\t\t\t\t\t\t\t<\/div>\n\t\t\t\t<\/div>\n\t\t\t\t<div class=\"elementor-element elementor-element-ec52576 elementor-widget elementor-widget-image\" data-id=\"ec52576\" data-element_type=\"widget\" data-widget_type=\"image.default\">\n\t\t\t\t<div class=\"elementor-widget-container\">\n\t\t\t\t\t\t\t\t\t\t\t\t\t\t\t\t<a href=\"https:\/\/heba-sport-tec.ch\/en\/product-category\/waxandtools\/?filtering=1&#038;filter_product_brand=226\">\n\t\t\t\t\t\t\t<img decoding=\"async\" width=\"360\" height=\"240\" src=\"https:\/\/heba-sport-tec.ch\/wp-content\/uploads\/2025\/08\/snoli-1.jpg\" class=\"attachment-full size-full wp-image-4195\" alt=\"\" srcset=\"https:\/\/heba-sport-tec.ch\/wp-content\/uploads\/2025\/08\/snoli-1.jpg 360w, https:\/\/heba-sport-tec.ch\/wp-content\/uploads\/2025\/08\/snoli-1-300x200.jpg 300w, https:\/\/heba-sport-tec.ch\/wp-content\/uploads\/2025\/08\/snoli-1-18x12.jpg 18w, https:\/\/heba-sport-tec.ch\/wp-content\/uploads\/2025\/08\/snoli-1-150x100.jpg 150w, https:\/\/heba-sport-tec.ch\/wp-content\/uploads\/2025\/08\/elementor\/thumbs\/snoli-1-raylwowdn6mrn8m1mcqkvp6zxqermxeeh57z2wtuwg.jpg 180w\" sizes=\"(max-width: 360px) 147px, (max-width: 360px) 100vw, 360px\" \/>\t\t\t\t\t\t\t\t<\/a>\n\t\t\t\t\t\t\t\t\t\t\t\t\t\t\t<\/div>\n\t\t\t\t<\/div>\n\t\t\t\t<div class=\"elementor-element elementor-element-b5c0299 elementor-widget elementor-widget-image\" data-id=\"b5c0299\" data-element_type=\"widget\" data-widget_type=\"image.default\">\n\t\t\t\t<div class=\"elementor-widget-container\">\n\t\t\t\t\t\t\t\t\t\t\t\t\t\t\t\t<a href=\"https:\/\/heba-sport-tec.ch\/en\/product-category\/skiservice-maschinen\/?filtering=1&#038;filter_product_brand=396\">\n\t\t\t\t\t\t\t<img loading=\"lazy\" decoding=\"async\" width=\"225\" height=\"150\" src=\"https:\/\/heba-sport-tec.ch\/wp-content\/uploads\/2025\/09\/roffb.jpg\" class=\"attachment-full size-full wp-image-4460\" alt=\"\" srcset=\"https:\/\/heba-sport-tec.ch\/wp-content\/uploads\/2025\/09\/roffb.jpg 225w, https:\/\/heba-sport-tec.ch\/wp-content\/uploads\/2025\/09\/roffb-18x12.jpg 18w, https:\/\/heba-sport-tec.ch\/wp-content\/uploads\/2025\/09\/roffb-150x100.jpg 150w\" sizes=\"(max-width: 360px) 147px, (max-width: 225px) 100vw, 225px\" \/>\t\t\t\t\t\t\t\t<\/a>\n\t\t\t\t\t\t\t\t\t\t\t\t\t\t\t<\/div>\n\t\t\t\t<\/div>\n\t\t\t\t<div class=\"elementor-element elementor-element-ac60e40 elementor-widget elementor-widget-image\" data-id=\"ac60e40\" data-element_type=\"widget\" data-widget_type=\"image.default\">\n\t\t\t\t<div class=\"elementor-widget-container\">\n\t\t\t\t\t\t\t\t\t\t\t\t\t\t\t\t<a href=\"https:\/\/heba-sport-tec.ch\/en\/product-category\/waxandtools\/?filtering=1&#038;filter_product_brand=409\">\n\t\t\t\t\t\t\t<img loading=\"lazy\" decoding=\"async\" width=\"1204\" height=\"802\" src=\"https:\/\/heba-sport-tec.ch\/wp-content\/uploads\/2025\/08\/eiselin.jpg\" class=\"attachment-full size-full wp-image-4203\" alt=\"\" srcset=\"https:\/\/heba-sport-tec.ch\/wp-content\/uploads\/2025\/08\/eiselin.jpg 1204w, https:\/\/heba-sport-tec.ch\/wp-content\/uploads\/2025\/08\/eiselin-300x200.jpg 300w, https:\/\/heba-sport-tec.ch\/wp-content\/uploads\/2025\/08\/eiselin-1024x682.jpg 1024w, https:\/\/heba-sport-tec.ch\/wp-content\/uploads\/2025\/08\/eiselin-768x512.jpg 768w, https:\/\/heba-sport-tec.ch\/wp-content\/uploads\/2025\/08\/eiselin-18x12.jpg 18w, https:\/\/heba-sport-tec.ch\/wp-content\/uploads\/2025\/08\/eiselin-990x659.jpg 990w, https:\/\/heba-sport-tec.ch\/wp-content\/uploads\/2025\/08\/eiselin-441x294.jpg 441w, https:\/\/heba-sport-tec.ch\/wp-content\/uploads\/2025\/08\/eiselin-600x400.jpg 600w, https:\/\/heba-sport-tec.ch\/wp-content\/uploads\/2025\/08\/eiselin-150x100.jpg 150w, https:\/\/heba-sport-tec.ch\/wp-content\/uploads\/2025\/08\/elementor\/thumbs\/eiselin-rayn5bak31psstso253zqxtr58h21njoa04s8so1io.jpg 180w\" sizes=\"(max-width: 360px) 147px, (max-width: 1204px) 100vw, 1204px\" \/>\t\t\t\t\t\t\t\t<\/a>\n\t\t\t\t\t\t\t\t\t\t\t\t\t\t\t<\/div>\n\t\t\t\t<\/div>\n\t\t\t\t<\/div>\n\t\t\t\t<\/div>\n\t\t\t\t<\/div>\n\t\t\t\t<\/div>","protected":false},"excerpt":{"rendered":"<p>HEBA SportTec GmbH\u200b\u200b\u200b Alles f\u00fcr den professionellen Schneesport-Service.Einfach bestellen, schnell geliefert. Waxe und ToolsAlles f\u00fcr den perfekten Service \u2013 von hochwertigem Zubeh\u00f6r bis zu Profi-Werkzeugen.zum Shopzum SchleifenLorem ipsum dolor sit amet consectetur adipiscing elit dolorHier klickenSkiservice-MaschinenLorem ipsum dolor sit amet consectetur adipiscing elit dolorHier klickenPflege und ReinigungLorem ipsum dolor sit amet, consectetur adipiscing elit. Ut [&hellip;]<\/p>","protected":false},"author":1,"featured_media":0,"parent":0,"menu_order":0,"comment_status":"closed","ping_status":"closed","template":"elementor_header_footer","meta":{"footnotes":""},"class_list":["post-30","page","type-page","status-publish","hentry"],"acf":[],"_links":{"self":[{"href":"https:\/\/heba-sport-tec.ch\/en\/wp-json\/wp\/v2\/pages\/30","targetHints":{"allow":["GET"]}}],"collection":[{"href":"https:\/\/heba-sport-tec.ch\/en\/wp-json\/wp\/v2\/pages"}],"about":[{"href":"https:\/\/heba-sport-tec.ch\/en\/wp-json\/wp\/v2\/types\/page"}],"author":[{"embeddable":true,"href":"https:\/\/heba-sport-tec.ch\/en\/wp-json\/wp\/v2\/users\/1"}],"replies":[{"embeddable":true,"href":"https:\/\/heba-sport-tec.ch\/en\/wp-json\/wp\/v2\/comments?post=30"}],"version-history":[{"count":510,"href":"https:\/\/heba-sport-tec.ch\/en\/wp-json\/wp\/v2\/pages\/30\/revisions"}],"predecessor-version":[{"id":5393,"href":"https:\/\/heba-sport-tec.ch\/en\/wp-json\/wp\/v2\/pages\/30\/revisions\/5393"}],"wp:attachment":[{"href":"https:\/\/heba-sport-tec.ch\/en\/wp-json\/wp\/v2\/media?parent=30"}],"curies":[{"name":"wp","href":"https:\/\/api.w.org\/{rel}","templated":true}]}}